{"id":108,"date":"2018-03-27T02:53:57","date_gmt":"2018-03-27T02:53:57","guid":{"rendered":"http:\/\/www.agrosoilbolivia.com\/?page_id=108"},"modified":"2018-04-02T21:49:10","modified_gmt":"2018-04-02T21:49:10","slug":"asesoramiento","status":"publish","type":"page","link":"https:\/\/agrosoilbolivia.com\/?page_id=108","title":{"rendered":"Asesoramiento"},"content":{"rendered":"<ul>\n<li style=\"text-align: justify;\">Poseemos la experiencia y el respaldo de una larga trayectoria para poder brindarles asesoramiento agron\u00f3mico en manejo de cultivos y pasturas.<\/li>\n<li style=\"text-align: justify;\">PLANIFICACI\u00d3N DE SIEMBRA POR AMBIENTES PRODUCTIVOS.<\/li>\n<li style=\"text-align: justify;\">MANEJO Y USO DE LOS FERTILIZANTES CUANDO EL CULTIVO LO REQUIERE.<\/li>\n<li style=\"text-align: justify;\">ROTACI\u00d3N DE CULTIVOS PARA MEJORAR UN AMBIENTE.<\/li>\n<li style=\"text-align: justify;\">SISTEMAS DE MEJORA CONTINUA EN AMBIENTES \u201cC\u201d.<\/li>\n<li style=\"text-align: justify;\">COSECHA DE AGUA EN BASE A CURVAS DE NIVEL DE SUELO.<\/li>\n<li style=\"text-align: justify;\">DISE\u00d1O DE RIEGO.<\/li>\n<\/ul>\n<p><img loading=\"lazy\" decoding=\"async\" class=\"alignnone wp-image-109 size-full\" src=\"http:\/\/www.agrosoilbolivia.com\/wp-content\/uploads\/2018\/03\/asesoramiento_cultivo_soya.jpg\" alt=\"\" width=\"510\" height=\"337\" srcset=\"https:\/\/agrosoilbolivia.com\/wp-content\/uploads\/2018\/03\/asesoramiento_cultivo_soya.jpg 510w, https:\/\/agrosoilbolivia.com\/wp-content\/uploads\/2018\/03\/asesoramiento_cultivo_soya-300x198.jpg 300w\" sizes=\"auto, (max-width: 510px) 100vw, 510px\" \/><\/p>\n<p style=\"text-align: justify;\">Reconozca el potencial productivo de cada ambiente de su \u00e1rea productiva e implemente el manejo m\u00e1s conveniente en lote.<\/p>\n<p style=\"text-align: justify;\">La informaci\u00f3n recolectada funciona como insumo muy valioso para ajustar la toma de decisiones en el nuevo siclo, ingresando de esta forma\u00a0\u00a0 en un proceso de mejora continua.<\/p>\n<p style=\"text-align: justify;\">Realice aplicaciones variables de insumos para mejorar la eficiencia, rendimiento y rentabilidad de su negocio.<\/p>\n<p><img loading=\"lazy\" decoding=\"async\" class=\"alignnone wp-image-110\" src=\"http:\/\/www.agrosoilbolivia.com\/wp-content\/uploads\/2018\/03\/asesoramiento_cultivo_soya_b-300x198.jpg\" alt=\"\" width=\"350\" height=\"231\" srcset=\"https:\/\/agrosoilbolivia.com\/wp-content\/uploads\/2018\/03\/asesoramiento_cultivo_soya_b-300x198.jpg 300w, https:\/\/agrosoilbolivia.com\/wp-content\/uploads\/2018\/03\/asesoramiento_cultivo_soya_b.jpg 510w\" sizes=\"auto, (max-width: 350px) 100vw, 350px\" \/> <img loading=\"lazy\" decoding=\"async\" class=\"alignnone wp-image-111\" src=\"http:\/\/www.agrosoilbolivia.com\/wp-content\/uploads\/2018\/03\/asesoramiento_cultivo_soya_c-300x198.jpg\" alt=\"\" width=\"350\" height=\"231\" srcset=\"https:\/\/agrosoilbolivia.com\/wp-content\/uploads\/2018\/03\/asesoramiento_cultivo_soya_c-300x198.jpg 300w, https:\/\/agrosoilbolivia.com\/wp-content\/uploads\/2018\/03\/asesoramiento_cultivo_soya_c.jpg 510w\" sizes=\"auto, (max-width: 350px) 100vw, 350px\" \/><\/p>\n<p>Capacitaciones a personal en uso de herramientas de agricultura de precisi\u00f3n siembra, fumigaci\u00f3n y cosecha<\/p>\n<p>Sabia usted que en la producci\u00f3n agr\u00edcola puede perder mucho dinero<\/p>\n<p>En siembra <span style=\"color: #ff0000;\"><strong>perdidas 175$us\/ha<\/strong><\/span><\/p>\n<p>En fumigaci\u00f3n <span style=\"color: #ff0000;\"><strong>30 a 50$us\/ha<\/strong><\/span> en cada aplicaci\u00f3n<\/p>\n<p>En cosecha las p\u00e9rdidas son de <span style=\"color: #ff0000;\"><strong>60 a 120 kg<\/strong><\/span> de grano por hect\u00e1rea.<\/p>\n<p><img loading=\"lazy\" decoding=\"async\" class=\"alignnone wp-image-112 size-full\" src=\"http:\/\/www.agrosoilbolivia.com\/wp-content\/uploads\/2018\/03\/balde-Recuperado.jpg\" alt=\"\" width=\"500\" height=\"168\" srcset=\"https:\/\/agrosoilbolivia.com\/wp-content\/uploads\/2018\/03\/balde-Recuperado.jpg 500w, https:\/\/agrosoilbolivia.com\/wp-content\/uploads\/2018\/03\/balde-Recuperado-300x101.jpg 300w\" sizes=\"auto, (max-width: 500px) 100vw, 500px\" \/><\/p>\n<p>&nbsp;<\/p>\n","protected":false},"excerpt":{"rendered":"<p>Poseemos la experiencia y el respaldo de una larga trayectoria para poder brindarles asesoramiento agron\u00f3mico en manejo de cultivos y pasturas. PLANIFICACI\u00d3N DE SIEMBRA POR AMBIENTES PRODUCTIVOS. MANEJO Y USO DE LOS FERTILIZANTES CUANDO EL CULTIVO LO REQUIERE. ROTACI\u00d3N DE CULTIVOS PARA MEJORAR UN AMBIENTE. SISTEMAS DE MEJORA CONTINUA EN AMBIENTES \u201cC\u201d. COSECHA DE AGUA [&hellip;]<\/p>\n","protected":false},"author":1,"featured_media":0,"parent":41,"menu_order":1,"comment_status":"closed","ping_status":"closed","template":"","meta":{"footnotes":""},"class_list":["post-108","page","type-page","status-publish","hentry","post"],"_links":{"self":[{"href":"https:\/\/agrosoilbolivia.com\/index.php?rest_route=\/wp\/v2\/pages\/108","targetHints":{"allow":["GET"]}}],"collection":[{"href":"https:\/\/agrosoilbolivia.com\/index.php?rest_route=\/wp\/v2\/pages"}],"about":[{"href":"https:\/\/agrosoilbolivia.com\/index.php?rest_route=\/wp\/v2\/types\/page"}],"author":[{"embeddable":true,"href":"https:\/\/agrosoilbolivia.com\/index.php?rest_route=\/wp\/v2\/users\/1"}],"replies":[{"embeddable":true,"href":"https:\/\/agrosoilbolivia.com\/index.php?rest_route=%2Fwp%2Fv2%2Fcomments&post=108"}],"version-history":[{"count":2,"href":"https:\/\/agrosoilbolivia.com\/index.php?rest_route=\/wp\/v2\/pages\/108\/revisions"}],"predecessor-version":[{"id":257,"href":"https:\/\/agrosoilbolivia.com\/index.php?rest_route=\/wp\/v2\/pages\/108\/revisions\/257"}],"up":[{"embeddable":true,"href":"https:\/\/agrosoilbolivia.com\/index.php?rest_route=\/wp\/v2\/pages\/41"}],"wp:attachment":[{"href":"https:\/\/agrosoilbolivia.com\/index.php?rest_route=%2Fwp%2Fv2%2Fmedia&parent=108"}],"curies":[{"name":"wp","href":"https:\/\/api.w.org\/{rel}","templated":true}]}}