{"id":115,"date":"2018-03-27T02:58:42","date_gmt":"2018-03-27T02:58:42","guid":{"rendered":"http:\/\/www.agrosoilbolivia.com\/?page_id=115"},"modified":"2018-03-27T03:53:51","modified_gmt":"2018-03-27T03:53:51","slug":"estudios-de-suelo","status":"publish","type":"page","link":"https:\/\/agrosoilbolivia.com\/?page_id=115","title":{"rendered":"Estudios de suelo"},"content":{"rendered":"<p style=\"text-align: justify;\">La agricultura hoy en d\u00eda exige una muy alta eficiencia en el uso de insumos agr\u00edcolas, tales como los fertilizantes, de modo de que cada unidad aplicada al suelo reporte los mayores resultados productivos esperados. Esto implica que el estudio de suelos nos dir\u00e1 la Fuente correcta de la enmienda a utilizar, Dosis correcta, Momento correcto y lugar correcto en cual se debe aplicar.<\/p>\n<p style=\"text-align: justify;\">El estudio de suelos F\u00edsico-Quimio de suelos es la mejor herramienta para definir umbrales sobre los cuales definir la nutrici\u00f3n de los cultivos agr\u00edcolas. En cuanto a esta necesidad AGROsoil Bolivia cuenta con equipos de alta tecnolog\u00eda para el agro, con personal altamente calificado, para poder ofrecerles un buen servicio a nuestros clientes.<\/p>\n<h3><strong>Monitoreo de las propiedades f\u00edsicas del suelo<\/strong><\/h3>\n\n<table id=\"tablepress-1\" class=\"tablepress tablepress-id-1\">\n<thead>\n<tr class=\"row-1\">\n\t<th class=\"column-1\">TEMATICA<\/th><th class=\"column-2\">ACTIVIDADES<\/th><th class=\"column-3\">DESCRIPCION<\/th>\n<\/tr>\n<\/thead>\n<tbody class=\"row-striping row-hover\">\n<tr class=\"row-2\">\n\t<td class=\"column-1\">Monitoreo de Propiedades F\u00edsicas<\/td><td class=\"column-2\">Ubicaci\u00f3n de puntos de muestreo de suelos Geo-Referenciados.<\/td><td class=\"column-3\">Con ayuda del GPS se ubican los puntos de muestreo seg\u00fan el mapa de Ambientes y\/o NDVI.<\/td>\n<\/tr>\n<tr class=\"row-3\">\n\t<td class=\"column-1\">Monitoreo de Propiedades F\u00edsicas<\/td><td class=\"column-2\">Descripci\u00f3n del perfil del suelo por capas, hasta un metro de profundidad.<\/td><td class=\"column-3\">Identificaci\u00f3n de horizontes y profundidad, Estructura de suelo, identificaci\u00f3n de capas compactas, etc. Y determinaci\u00f3n de la textura por horizonte en laboratorio.<\/td>\n<\/tr>\n<tr class=\"row-4\">\n\t<td class=\"column-1\">Monitoreo de Propiedades F\u00edsicas<\/td><td class=\"column-2\">Inestabilidad estructural del suelo(IEST)<\/td><td class=\"column-3\">Es un \u00edndice que se relaciona con la capacidad del suelo de mantener su disposici\u00f3n estructural frente al estr\u00e9s causado por fuerzas ex\u00f3genas. IEST est\u00e1 incluida dentro de los indicadores para la evaluaci\u00f3n de la calidad de los suelos.<\/td>\n<\/tr>\n<tr class=\"row-5\">\n\t<td class=\"column-1\">Monitoreo de Propiedades F\u00edsicas<\/td><td class=\"column-2\">Medici\u00f3n de la densidad aparente.<\/td><td class=\"column-3\">La densidad aparente nos permite conocer si nuestro suelo tiene o no compactaci\u00f3n, nos dir\u00e1 el grado de compactaci\u00f3n, espesor y profundidad para tomar mejores decisiones de manejo.<\/td>\n<\/tr>\n<tr class=\"row-6\">\n\t<td class=\"column-1\">Monitoreo de Propiedades F\u00edsicas<\/td><td class=\"column-2\">Identificaci\u00f3n y evaluaci\u00f3n de la macro y micro porosidad del suelo por capas<\/td><td class=\"column-3\">Nos permite evaluar la entrada, distribuci\u00f3n, almacenamiento y retenci\u00f3n del agua en el suelo seg\u00fan el tama\u00f1o de poros.<\/td>\n<\/tr>\n<tr class=\"row-7\">\n\t<td class=\"column-1\">Monitoreo de Propiedades F\u00edsicas<\/td><td class=\"column-2\">Medici\u00f3n de la velocidad de Infiltraci\u00f3n en el perfil del suelo.<\/td><td class=\"column-3\">Nos permite determinar la velocidad de ingreso del agua en los perfiles del suelo en mm\/h.<br \/>\nSimulador de lluvia moderno y sofisticado equipo que nos permite saber y conocer cu\u00e1nto es la l\u00e1mina infiltrada en el suelo en mm\/h y cuanto de eso escurre<\/td>\n<\/tr>\n<tr class=\"row-8\">\n\t<td class=\"column-1\">Monitoreo de Propiedades F\u00edsicas<\/td><td class=\"column-2\">Medici\u00f3n de la capacidad de almacenamiento de agua en el suelo.<\/td><td class=\"column-3\">Conocer y evaluar la capacidad de almacenamiento de agua en el suelo mediante la determinaci\u00f3n de Capacidad de Campo (CC y Punto de marchitez permanente (PMP). Es muy importante a la hora de hacer cosecha de agua en el perfil del suelo.<\/td>\n<\/tr>\n<\/tbody>\n<\/table>\n<!-- #tablepress-1 from cache -->\n<h3><strong>Monitoreo de las propiedades qu\u00edmicas de suelo<\/strong><\/h3>\n\n<table id=\"tablepress-2\" class=\"tablepress tablepress-id-2\">\n<thead>\n<tr class=\"row-1\">\n\t<th class=\"column-1\">TEMATICA<\/th><th class=\"column-2\">ACTIVIDADES<\/th><th class=\"column-3\">DESCRIPCION<\/th>\n<\/tr>\n<\/thead>\n<tbody class=\"row-striping row-hover\">\n<tr class=\"row-2\">\n\t<td class=\"column-1\">Monitoreo de Propiedades Qu\u00edmicas<\/td><td class=\"column-2\">An\u00e1lisis y Mapeo de las propiedades Qu\u00edmicas del Suelo<\/td><td class=\"column-3\">Macro nutrientes: N P K.<br \/>\nSecundarios: Mg, Ca, S, Na.<br \/>\nMicronutrientes: Mn, Zn, Fe, B, Cu. Mo.<br \/>\nMO (Materia Org\u00e1nica).<br \/>\nC\/N: (Relaci\u00f3n Carbono Nitr\u00f3geno).<br \/>\nCIC: (capacidad de intercambio cati\u00f3nico). SB (saturaci\u00f3n de bases).<br \/>\nCE (conductividad el\u00e9ctrica).<br \/>\npH, (acides del suelo).<br \/>\nPsi (porcentaje de sodio intercambiable).<\/td>\n<\/tr>\n<tr class=\"row-3\">\n\t<td class=\"column-1\">Monitoreo de Propiedades Qu\u00edmicas<\/td><td class=\"column-2\">Balance nutricional en funci\u00f3n a la disponibilidad nutricional del suelo y a los requerimientos de los cultivos<\/td><td class=\"column-3\">Mapas con recomendaci\u00f3n de dosis de fertilizaci\u00f3n para diferentes tipos de cultivos (tasa fija por lotes y\/o tasa variable).<\/td>\n<\/tr>\n<\/tbody>\n<\/table>\n<!-- #tablepress-2 from cache -->\n<h3><strong>Muestreos dirigidos de suelos<\/strong><\/h3>\n<div id='gallery-1' class='gallery galleryid-115 gallery-columns-2 gallery-size-medium'><figure class='gallery-item'>\n\t\t\t<div class='gallery-icon landscape'>\n\t\t\t\t<a href='https:\/\/agrosoilbolivia.com\/wp-content\/uploads\/2018\/03\/estudio_suelo_taladro.jpg'><img loading=\"lazy\" decoding=\"async\" width=\"300\" height=\"201\" src=\"https:\/\/agrosoilbolivia.com\/wp-content\/uploads\/2018\/03\/estudio_suelo_taladro-300x201.jpg\" class=\"attachment-medium size-medium\" alt=\"\" srcset=\"https:\/\/agrosoilbolivia.com\/wp-content\/uploads\/2018\/03\/estudio_suelo_taladro-300x201.jpg 300w, https:\/\/agrosoilbolivia.com\/wp-content\/uploads\/2018\/03\/estudio_suelo_taladro.jpg 600w, https:\/\/agrosoilbolivia.com\/wp-content\/uploads\/2018\/03\/estudio_suelo_taladro-272x182.jpg 272w\" sizes=\"auto, (max-width: 300px) 100vw, 300px\" \/><\/a>\n\t\t\t<\/div><\/figure><figure class='gallery-item'>\n\t\t\t<div class='gallery-icon landscape'>\n\t\t\t\t<a href='https:\/\/agrosoilbolivia.com\/wp-content\/uploads\/2018\/03\/estudio_suelo_suelo_sin_estructura.jpg'><img loading=\"lazy\" decoding=\"async\" width=\"300\" height=\"225\" src=\"https:\/\/agrosoilbolivia.com\/wp-content\/uploads\/2018\/03\/estudio_suelo_suelo_sin_estructura-300x225.jpg\" class=\"attachment-medium size-medium\" alt=\"\" srcset=\"https:\/\/agrosoilbolivia.com\/wp-content\/uploads\/2018\/03\/estudio_suelo_suelo_sin_estructura-300x225.jpg 300w, https:\/\/agrosoilbolivia.com\/wp-content\/uploads\/2018\/03\/estudio_suelo_suelo_sin_estructura.jpg 480w\" sizes=\"auto, (max-width: 300px) 100vw, 300px\" \/><\/a>\n\t\t\t<\/div><\/figure><figure class='gallery-item'>\n\t\t\t<div class='gallery-icon landscape'>\n\t\t\t\t<a href='https:\/\/agrosoilbolivia.com\/wp-content\/uploads\/2018\/03\/estudio_suelo_suelo_perfil.jpg'><img loading=\"lazy\" decoding=\"async\" width=\"300\" height=\"225\" src=\"https:\/\/agrosoilbolivia.com\/wp-content\/uploads\/2018\/03\/estudio_suelo_suelo_perfil-300x225.jpg\" class=\"attachment-medium size-medium\" alt=\"\" srcset=\"https:\/\/agrosoilbolivia.com\/wp-content\/uploads\/2018\/03\/estudio_suelo_suelo_perfil-300x225.jpg 300w, https:\/\/agrosoilbolivia.com\/wp-content\/uploads\/2018\/03\/estudio_suelo_suelo_perfil.jpg 480w\" sizes=\"auto, (max-width: 300px) 100vw, 300px\" \/><\/a>\n\t\t\t<\/div><\/figure><figure class='gallery-item'>\n\t\t\t<div class='gallery-icon landscape'>\n\t\t\t\t<a href='https:\/\/agrosoilbolivia.com\/wp-content\/uploads\/2018\/03\/estudio_suelo_eval_fisica.jpg'><img loading=\"lazy\" decoding=\"async\" width=\"300\" height=\"232\" src=\"https:\/\/agrosoilbolivia.com\/wp-content\/uploads\/2018\/03\/estudio_suelo_eval_fisica-300x232.jpg\" class=\"attachment-medium size-medium\" alt=\"\" srcset=\"https:\/\/agrosoilbolivia.com\/wp-content\/uploads\/2018\/03\/estudio_suelo_eval_fisica-300x232.jpg 300w, https:\/\/agrosoilbolivia.com\/wp-content\/uploads\/2018\/03\/estudio_suelo_eval_fisica.jpg 600w\" sizes=\"auto, (max-width: 300px) 100vw, 300px\" \/><\/a>\n\t\t\t<\/div><\/figure>\n\t\t<\/div>\n\n<h3><strong>Toma de muestras de suelos para evaluaci\u00f3n de compactaci\u00f3n<\/strong><\/h3>\n<p><img loading=\"lazy\" decoding=\"async\" class=\"alignnone wp-image-131 size-full\" src=\"http:\/\/www.agrosoilbolivia.com\/wp-content\/uploads\/2018\/03\/estudio_suelo_suelo_vaso.jpg\" alt=\"\" width=\"523\" height=\"444\" srcset=\"https:\/\/agrosoilbolivia.com\/wp-content\/uploads\/2018\/03\/estudio_suelo_suelo_vaso.jpg 523w, https:\/\/agrosoilbolivia.com\/wp-content\/uploads\/2018\/03\/estudio_suelo_suelo_vaso-300x255.jpg 300w\" sizes=\"auto, (max-width: 523px) 100vw, 523px\" \/><\/p>\n<h3><strong>Evaluaci\u00f3n de la infiltraci\u00f3n con simulador de lluvia<\/strong><\/h3>\n<p><img loading=\"lazy\" decoding=\"async\" class=\"alignnone wp-image-132 size-full\" src=\"http:\/\/www.agrosoilbolivia.com\/wp-content\/uploads\/2018\/03\/estudio_suelo_nota.jpg\" alt=\"\" width=\"652\" height=\"528\" srcset=\"https:\/\/agrosoilbolivia.com\/wp-content\/uploads\/2018\/03\/estudio_suelo_nota.jpg 652w, https:\/\/agrosoilbolivia.com\/wp-content\/uploads\/2018\/03\/estudio_suelo_nota-600x486.jpg 600w, https:\/\/agrosoilbolivia.com\/wp-content\/uploads\/2018\/03\/estudio_suelo_nota-300x243.jpg 300w, https:\/\/agrosoilbolivia.com\/wp-content\/uploads\/2018\/03\/estudio_suelo_nota-650x526.jpg 650w\" sizes=\"auto, (max-width: 652px) 100vw, 652px\" \/><\/p>\n<h3><strong>Qu\u00edmica de suelos<\/strong><\/h3>\n<p><img loading=\"lazy\" decoding=\"async\" class=\"alignnone wp-image-134 size-full\" src=\"http:\/\/www.agrosoilbolivia.com\/wp-content\/uploads\/2018\/03\/quimica_suelos1.jpg\" alt=\"\" width=\"600\" height=\"458\" srcset=\"https:\/\/agrosoilbolivia.com\/wp-content\/uploads\/2018\/03\/quimica_suelos1.jpg 600w, https:\/\/agrosoilbolivia.com\/wp-content\/uploads\/2018\/03\/quimica_suelos1-300x229.jpg 300w\" sizes=\"auto, (max-width: 600px) 100vw, 600px\" \/><\/p>\n<p><img loading=\"lazy\" decoding=\"async\" class=\"alignnone size-medium wp-image-135\" src=\"http:\/\/www.agrosoilbolivia.com\/wp-content\/uploads\/2018\/03\/quimica_suelos2-300x232.jpg\" alt=\"\" width=\"300\" height=\"232\" srcset=\"https:\/\/agrosoilbolivia.com\/wp-content\/uploads\/2018\/03\/quimica_suelos2-300x232.jpg 300w, https:\/\/agrosoilbolivia.com\/wp-content\/uploads\/2018\/03\/quimica_suelos2.jpg 600w\" sizes=\"auto, (max-width: 300px) 100vw, 300px\" \/> <img loading=\"lazy\" decoding=\"async\" class=\"alignnone size-medium wp-image-136\" src=\"http:\/\/www.agrosoilbolivia.com\/wp-content\/uploads\/2018\/03\/quimica_suelos3-300x232.jpg\" alt=\"\" width=\"300\" height=\"232\" srcset=\"https:\/\/agrosoilbolivia.com\/wp-content\/uploads\/2018\/03\/quimica_suelos3-300x232.jpg 300w, https:\/\/agrosoilbolivia.com\/wp-content\/uploads\/2018\/03\/quimica_suelos3.jpg 600w\" sizes=\"auto, (max-width: 300px) 100vw, 300px\" \/> <img loading=\"lazy\" decoding=\"async\" class=\"alignnone size-medium wp-image-137\" src=\"http:\/\/www.agrosoilbolivia.com\/wp-content\/uploads\/2018\/03\/quimica_suelos4-300x232.jpg\" alt=\"\" width=\"300\" height=\"232\" srcset=\"https:\/\/agrosoilbolivia.com\/wp-content\/uploads\/2018\/03\/quimica_suelos4-300x232.jpg 300w, https:\/\/agrosoilbolivia.com\/wp-content\/uploads\/2018\/03\/quimica_suelos4.jpg 600w\" sizes=\"auto, (max-width: 300px) 100vw, 300px\" \/><\/p>\n<p>&nbsp;<\/p>\n","protected":false},"excerpt":{"rendered":"<p>La agricultura hoy en d\u00eda exige una muy alta eficiencia en el uso de insumos agr\u00edcolas, tales como los fertilizantes, de modo de que cada unidad aplicada al suelo reporte los mayores resultados productivos esperados. Esto implica que el estudio de suelos nos dir\u00e1 la Fuente correcta de la enmienda a utilizar, Dosis correcta, Momento [&hellip;]<\/p>\n","protected":false},"author":1,"featured_media":0,"parent":41,"menu_order":2,"comment_status":"closed","ping_status":"closed","template":"","meta":{"footnotes":""},"class_list":["post-115","page","type-page","status-publish","hentry","post"],"_links":{"self":[{"href":"https:\/\/agrosoilbolivia.com\/index.php?rest_route=\/wp\/v2\/pages\/115","targetHints":{"allow":["GET"]}}],"collection":[{"href":"https:\/\/agrosoilbolivia.com\/index.php?rest_route=\/wp\/v2\/pages"}],"about":[{"href":"https:\/\/agrosoilbolivia.com\/index.php?rest_route=\/wp\/v2\/types\/page"}],"author":[{"embeddable":true,"href":"https:\/\/agrosoilbolivia.com\/index.php?rest_route=\/wp\/v2\/users\/1"}],"replies":[{"embeddable":true,"href":"https:\/\/agrosoilbolivia.com\/index.php?rest_route=%2Fwp%2Fv2%2Fcomments&post=115"}],"version-history":[{"count":5,"href":"https:\/\/agrosoilbolivia.com\/index.php?rest_route=\/wp\/v2\/pages\/115\/revisions"}],"predecessor-version":[{"id":138,"href":"https:\/\/agrosoilbolivia.com\/index.php?rest_route=\/wp\/v2\/pages\/115\/revisions\/138"}],"up":[{"embeddable":true,"href":"https:\/\/agrosoilbolivia.com\/index.php?rest_route=\/wp\/v2\/pages\/41"}],"wp:attachment":[{"href":"https:\/\/agrosoilbolivia.com\/index.php?rest_route=%2Fwp%2Fv2%2Fmedia&parent=115"}],"curies":[{"name":"wp","href":"https:\/\/api.w.org\/{rel}","templated":true}]}}