{"id":139,"date":"2018-03-27T04:05:49","date_gmt":"2018-03-27T04:05:49","guid":{"rendered":"http:\/\/www.agrosoilbolivia.com\/?page_id=139"},"modified":"2018-04-02T21:47:08","modified_gmt":"2018-04-02T21:47:08","slug":"agricultura-de-precision","status":"publish","type":"page","link":"https:\/\/agrosoilbolivia.com\/?page_id=139","title":{"rendered":"Agricultura de precisi\u00f3n"},"content":{"rendered":"<p style=\"text-align: justify;\"><img loading=\"lazy\" decoding=\"async\" class=\"size-medium wp-image-140 alignright\" src=\"http:\/\/www.agrosoilbolivia.com\/wp-content\/uploads\/2018\/03\/pc-300x234.jpg\" alt=\"\" width=\"300\" height=\"234\" \/>Mapas de \u00edndice de vegetaci\u00f3n de diferencia normalizada (NDVI)<\/p>\n<p style=\"text-align: justify;\">\u00abEl punto de partida para reconocer los ambientes de su campo\u00bb<\/p>\n<p style=\"text-align: justify;\">Mapas de aptitud de uso del suelo o mapas de ambientes productivos.<\/p>\n<p style=\"text-align: justify;\">En base a la informaci\u00f3n cartogr\u00e1fica, topogr\u00e1fica y de drenaje, riesgo de inundaci\u00f3n y an\u00e1lisis de im\u00e1genes multi-temporales se realiza el mapa de aptitud productiva.<\/p>\n<p style=\"text-align: justify;\">Toda esta informaci\u00f3n se procesa en modernos y sofisticados softwares, analizadas por personal experto en teledetecci\u00f3n, dar\u00e1n como resultado la exacta determinaci\u00f3n y delimitaci\u00f3n de las zonas m\u00e1s aptas y buen desarrollo vegetativo, las moderadas con menos desarrollo vegetativo y las zonas marginales para la siembra de cultivos o pasturas. Denominados de manera gen\u00e9rica ambientes productivos clase A, B y C.<\/p>\n<p style=\"text-align: justify;\">Esta informaci\u00f3n es altamente relevante a la hora de pensar en alquilar o comprar un campo agr\u00edcola. \u00a0En la medida que permite organizar el manejo tanto a nivel de la hacienda como a nivel del potrero, (determinando la rotaci\u00f3n de acuerdo al potencial del suelo en cuesti\u00f3n) podemos establecer una rentabilidad esperada.<\/p>\n<p><img loading=\"lazy\" decoding=\"async\" class=\"alignnone wp-image-142 size-full\" src=\"http:\/\/www.agrosoilbolivia.com\/wp-content\/uploads\/2018\/03\/dvi.jpg\" alt=\"\" width=\"800\" height=\"628\" srcset=\"https:\/\/agrosoilbolivia.com\/wp-content\/uploads\/2018\/03\/dvi.jpg 800w, https:\/\/agrosoilbolivia.com\/wp-content\/uploads\/2018\/03\/dvi-600x471.jpg 600w, https:\/\/agrosoilbolivia.com\/wp-content\/uploads\/2018\/03\/dvi-300x236.jpg 300w, https:\/\/agrosoilbolivia.com\/wp-content\/uploads\/2018\/03\/dvi-768x603.jpg 768w, https:\/\/agrosoilbolivia.com\/wp-content\/uploads\/2018\/03\/dvi-650x510.jpg 650w\" sizes=\"auto, (max-width: 800px) 100vw, 800px\" \/><\/p>\n<p><img loading=\"lazy\" decoding=\"async\" class=\"alignnone wp-image-141 size-full\" src=\"http:\/\/www.agrosoilbolivia.com\/wp-content\/uploads\/2018\/03\/ap_ambientes_diferencia.jpg\" alt=\"\" width=\"480\" height=\"360\" srcset=\"https:\/\/agrosoilbolivia.com\/wp-content\/uploads\/2018\/03\/ap_ambientes_diferencia.jpg 480w, https:\/\/agrosoilbolivia.com\/wp-content\/uploads\/2018\/03\/ap_ambientes_diferencia-300x225.jpg 300w\" sizes=\"auto, (max-width: 480px) 100vw, 480px\" \/><\/p>\n<p style=\"text-align: justify;\">El <strong>Mapa de Productividad y\/o (NDVI)<\/strong> representa con distintos colores la productividad hist\u00f3rica de las diferentes zonas de un lote. Este \u201chistorial\u201d se obtiene gracias al an\u00e1lisis de im\u00e1genes satelitales de campa\u00f1as agr\u00edcolas anteriores, que son seleccionadas especialmente. Las tonalidades azules m\u00e1s oscuras identifican \u00e1reas de mayor productividad, los verdosos claros delimitan zonas de rendimientos medios y los colores m\u00e1s cercanos al amarillo representan sitios de menor a nula producci\u00f3n.<\/p>\n<h3 style=\"text-align: justify;\"><strong><em>\u00bf<\/em><\/strong><strong><em>Para qu\u00e9 sirve<\/em><\/strong><strong><em>?<\/em><\/strong><\/h3>\n<ul>\n<li style=\"text-align: justify;\">Para identificar la variabilidad ambiental intra-lote: es un mapa preliminar de ambientes, un excelente punto de partida, de bajo costo, para delimitar y reconocer la variabilidad de los campos.<\/li>\n<li style=\"text-align: justify;\">Para planificar muestreos dirigidos de suelo: orientar la toma de muestras con GPS es una metodolog\u00eda cada vez m\u00e1s validada y pr\u00e1cticamente excluyente para implementar procesos de agricultura de precisi\u00f3n. Los muestreos dirigidos aportan un criterio l\u00f3gico y riguroso al an\u00e1lisis, permitiendo diagnosticar los motivos de la variabilidad ambiental. El mapa de productividad es la base para ubicar los puntos a muestrear, diferenci\u00e1ndolos por ambiente.<\/li>\n<li style=\"text-align: justify;\">Para hacer prescripciones y aplicaci\u00f3n variable de insumos y manejo: muchos productores cuentan con el equipamiento para hacer Mapa de rendimientos, VRT, pero no saben c\u00f3mo dibujar los mapas y pol\u00edgonos con las diferentes dosis. El mapa de productividad define esos pol\u00edgonos, cuyos l\u00edmites se van ajustando campa\u00f1a tras campa\u00f1a.<\/li>\n<\/ul>\n<p><img loading=\"lazy\" decoding=\"async\" class=\"alignnone wp-image-144 size-full\" src=\"http:\/\/www.agrosoilbolivia.com\/wp-content\/uploads\/2018\/03\/ap_ambientes_diferencia_map_indic.jpg\" alt=\"\" width=\"480\" height=\"360\" srcset=\"https:\/\/agrosoilbolivia.com\/wp-content\/uploads\/2018\/03\/ap_ambientes_diferencia_map_indic.jpg 480w, https:\/\/agrosoilbolivia.com\/wp-content\/uploads\/2018\/03\/ap_ambientes_diferencia_map_indic-300x225.jpg 300w\" sizes=\"auto, (max-width: 480px) 100vw, 480px\" \/><\/p>\n<p><img loading=\"lazy\" decoding=\"async\" class=\"alignnone wp-image-143 size-full\" src=\"http:\/\/www.agrosoilbolivia.com\/wp-content\/uploads\/2018\/03\/ap.jpg\" alt=\"\" width=\"600\" height=\"200\" srcset=\"https:\/\/agrosoilbolivia.com\/wp-content\/uploads\/2018\/03\/ap.jpg 600w, https:\/\/agrosoilbolivia.com\/wp-content\/uploads\/2018\/03\/ap-300x100.jpg 300w\" sizes=\"auto, (max-width: 600px) 100vw, 600px\" \/><\/p>\n<p>&nbsp;<\/p>\n","protected":false},"excerpt":{"rendered":"<p>Mapas de \u00edndice de vegetaci\u00f3n de diferencia normalizada (NDVI) \u00abEl punto de partida para reconocer los ambientes de su campo\u00bb Mapas de aptitud de uso del suelo o mapas de ambientes productivos. En base a la informaci\u00f3n cartogr\u00e1fica, topogr\u00e1fica y de drenaje, riesgo de inundaci\u00f3n y an\u00e1lisis de im\u00e1genes multi-temporales se realiza el mapa de [&hellip;]<\/p>\n","protected":false},"author":1,"featured_media":0,"parent":41,"menu_order":3,"comment_status":"closed","ping_status":"closed","template":"","meta":{"footnotes":""},"class_list":["post-139","page","type-page","status-publish","hentry","post"],"_links":{"self":[{"href":"https:\/\/agrosoilbolivia.com\/index.php?rest_route=\/wp\/v2\/pages\/139","targetHints":{"allow":["GET"]}}],"collection":[{"href":"https:\/\/agrosoilbolivia.com\/index.php?rest_route=\/wp\/v2\/pages"}],"about":[{"href":"https:\/\/agrosoilbolivia.com\/index.php?rest_route=\/wp\/v2\/types\/page"}],"author":[{"embeddable":true,"href":"https:\/\/agrosoilbolivia.com\/index.php?rest_route=\/wp\/v2\/users\/1"}],"replies":[{"embeddable":true,"href":"https:\/\/agrosoilbolivia.com\/index.php?rest_route=%2Fwp%2Fv2%2Fcomments&post=139"}],"version-history":[{"count":2,"href":"https:\/\/agrosoilbolivia.com\/index.php?rest_route=\/wp\/v2\/pages\/139\/revisions"}],"predecessor-version":[{"id":255,"href":"https:\/\/agrosoilbolivia.com\/index.php?rest_route=\/wp\/v2\/pages\/139\/revisions\/255"}],"up":[{"embeddable":true,"href":"https:\/\/agrosoilbolivia.com\/index.php?rest_route=\/wp\/v2\/pages\/41"}],"wp:attachment":[{"href":"https:\/\/agrosoilbolivia.com\/index.php?rest_route=%2Fwp%2Fv2%2Fmedia&parent=139"}],"curies":[{"name":"wp","href":"https:\/\/api.w.org\/{rel}","templated":true}]}}