{"id":151,"date":"2018-03-27T04:42:56","date_gmt":"2018-03-27T04:42:56","guid":{"rendered":"http:\/\/www.agrosoilbolivia.com\/?page_id=151"},"modified":"2018-04-02T21:50:41","modified_gmt":"2018-04-02T21:50:41","slug":"tecnologia-gis","status":"publish","type":"page","link":"https:\/\/agrosoilbolivia.com\/?page_id=151","title":{"rendered":"Tecnolog\u00eda GIS"},"content":{"rendered":"<p style=\"text-align: justify;\">Im\u00e1genes satelitales de alta resoluci\u00f3n<\/p>\n<p style=\"text-align: left;\">El uso de las im\u00e1genes satelitales se ha constituido en una herramienta indispensable en el proceso de mejora continua, ayudan a la planificaci\u00f3n de proyectos agr\u00edcolas.<\/p>\n<ul style=\"text-align: justify;\">\n<li>Cuantificaci\u00f3n de \u00e1reas con anegamiento de aguas, etc.<\/li>\n<li>Planificaci\u00f3n de canales de drenaje, etc.<\/li>\n<li>Planificaci\u00f3n de \u00e1reas para desmontes, etc.<\/li>\n<li>Visualizaci\u00f3n de \u00e1reas de siembra, estados de cultivos y \u00e1reas cosechadas etc.<\/li>\n<\/ul>\n<p style=\"text-align: justify;\">Tome decisiones correctas, planifiqu\u00e9 y organic\u00e9 sus actividades en su campo agr\u00edcola.<\/p>\n<p style=\"text-align: justify;\"><strong><span style=\"color: #008000;\">AGRO<\/span><span style=\"color: #ff6600;\">soil<\/span><\/strong> es una empresa con personal de mucha experiencia y calificado en Software SIG y Teledetecci\u00f3n aplicados al sector productivo ayudando al productor a tomar la mejor decisi\u00f3n para su campo agr\u00edcola. Contamos con un banco de im\u00e1genes que datan de 1970 a la actualidad permanentemente actualiz\u00e1ndonos<\/p>\n<h3 style=\"text-align: justify;\"><strong>Im\u00e1genes multitemporales<\/strong><\/h3>\n<p><img loading=\"lazy\" decoding=\"async\" class=\"alignnone wp-image-152 size-full\" src=\"http:\/\/www.agrosoilbolivia.com\/wp-content\/uploads\/2018\/03\/gis_imagenes_sat.jpg\" alt=\"\" width=\"800\" height=\"996\" srcset=\"https:\/\/agrosoilbolivia.com\/wp-content\/uploads\/2018\/03\/gis_imagenes_sat.jpg 800w, https:\/\/agrosoilbolivia.com\/wp-content\/uploads\/2018\/03\/gis_imagenes_sat-600x747.jpg 600w, https:\/\/agrosoilbolivia.com\/wp-content\/uploads\/2018\/03\/gis_imagenes_sat-241x300.jpg 241w, https:\/\/agrosoilbolivia.com\/wp-content\/uploads\/2018\/03\/gis_imagenes_sat-768x956.jpg 768w, https:\/\/agrosoilbolivia.com\/wp-content\/uploads\/2018\/03\/gis_imagenes_sat-522x650.jpg 522w\" sizes=\"auto, (max-width: 800px) 100vw, 800px\" \/><\/p>\n<h3><strong>Cuadros panor\u00e1micos<\/strong><\/h3>\n<p><img loading=\"lazy\" decoding=\"async\" class=\"alignnone wp-image-153 size-full\" src=\"http:\/\/www.agrosoilbolivia.com\/wp-content\/uploads\/2018\/03\/gis_cuadro_panoramico.jpg\" alt=\"\" width=\"800\" height=\"678\" srcset=\"https:\/\/agrosoilbolivia.com\/wp-content\/uploads\/2018\/03\/gis_cuadro_panoramico.jpg 800w, https:\/\/agrosoilbolivia.com\/wp-content\/uploads\/2018\/03\/gis_cuadro_panoramico-600x509.jpg 600w, https:\/\/agrosoilbolivia.com\/wp-content\/uploads\/2018\/03\/gis_cuadro_panoramico-300x254.jpg 300w, https:\/\/agrosoilbolivia.com\/wp-content\/uploads\/2018\/03\/gis_cuadro_panoramico-768x651.jpg 768w, https:\/\/agrosoilbolivia.com\/wp-content\/uploads\/2018\/03\/gis_cuadro_panoramico-650x551.jpg 650w\" sizes=\"auto, (max-width: 800px) 100vw, 800px\" \/><\/p>\n<p><img loading=\"lazy\" decoding=\"async\" class=\"alignnone wp-image-154 size-full\" src=\"http:\/\/www.agrosoilbolivia.com\/wp-content\/uploads\/2018\/03\/gis_cuadro_panoramico_norte.jpg\" alt=\"\" width=\"800\" height=\"782\" srcset=\"https:\/\/agrosoilbolivia.com\/wp-content\/uploads\/2018\/03\/gis_cuadro_panoramico_norte.jpg 800w, https:\/\/agrosoilbolivia.com\/wp-content\/uploads\/2018\/03\/gis_cuadro_panoramico_norte-600x587.jpg 600w, https:\/\/agrosoilbolivia.com\/wp-content\/uploads\/2018\/03\/gis_cuadro_panoramico_norte-300x293.jpg 300w, https:\/\/agrosoilbolivia.com\/wp-content\/uploads\/2018\/03\/gis_cuadro_panoramico_norte-768x751.jpg 768w, https:\/\/agrosoilbolivia.com\/wp-content\/uploads\/2018\/03\/gis_cuadro_panoramico_norte-650x635.jpg 650w\" sizes=\"auto, (max-width: 800px) 100vw, 800px\" \/><\/p>\n<h3><strong>Mensuras satelitales con detalle.<\/strong><\/h3>\n<p><img loading=\"lazy\" decoding=\"async\" class=\"alignnone wp-image-155 size-full\" src=\"http:\/\/www.agrosoilbolivia.com\/wp-content\/uploads\/2018\/03\/gis_mensuras.jpg\" alt=\"\" width=\"800\" height=\"809\" srcset=\"https:\/\/agrosoilbolivia.com\/wp-content\/uploads\/2018\/03\/gis_mensuras.jpg 800w, https:\/\/agrosoilbolivia.com\/wp-content\/uploads\/2018\/03\/gis_mensuras-100x100.jpg 100w, https:\/\/agrosoilbolivia.com\/wp-content\/uploads\/2018\/03\/gis_mensuras-600x607.jpg 600w, https:\/\/agrosoilbolivia.com\/wp-content\/uploads\/2018\/03\/gis_mensuras-297x300.jpg 297w, https:\/\/agrosoilbolivia.com\/wp-content\/uploads\/2018\/03\/gis_mensuras-768x777.jpg 768w, https:\/\/agrosoilbolivia.com\/wp-content\/uploads\/2018\/03\/gis_mensuras-643x650.jpg 643w\" sizes=\"auto, (max-width: 800px) 100vw, 800px\" \/><\/p>\n<h3><strong>Mapas de anegaci\u00f3n<\/strong><\/h3>\n<p><img loading=\"lazy\" decoding=\"async\" class=\"alignnone wp-image-156 size-full\" src=\"http:\/\/www.agrosoilbolivia.com\/wp-content\/uploads\/2018\/03\/gis_anegacion.jpg\" alt=\"\" width=\"800\" height=\"561\" srcset=\"https:\/\/agrosoilbolivia.com\/wp-content\/uploads\/2018\/03\/gis_anegacion.jpg 800w, https:\/\/agrosoilbolivia.com\/wp-content\/uploads\/2018\/03\/gis_anegacion-600x421.jpg 600w, https:\/\/agrosoilbolivia.com\/wp-content\/uploads\/2018\/03\/gis_anegacion-300x210.jpg 300w, https:\/\/agrosoilbolivia.com\/wp-content\/uploads\/2018\/03\/gis_anegacion-768x539.jpg 768w, https:\/\/agrosoilbolivia.com\/wp-content\/uploads\/2018\/03\/gis_anegacion-650x456.jpg 650w\" sizes=\"auto, (max-width: 800px) 100vw, 800px\" \/><\/p>\n<p>&nbsp;<\/p>\n","protected":false},"excerpt":{"rendered":"<p>Im\u00e1genes satelitales de alta resoluci\u00f3n El uso de las im\u00e1genes satelitales se ha constituido en una herramienta indispensable en el proceso de mejora continua, ayudan a la planificaci\u00f3n de proyectos agr\u00edcolas. Cuantificaci\u00f3n de \u00e1reas con anegamiento de aguas, etc. Planificaci\u00f3n de canales de drenaje, etc. Planificaci\u00f3n de \u00e1reas para desmontes, etc. Visualizaci\u00f3n de \u00e1reas de [&hellip;]<\/p>\n","protected":false},"author":1,"featured_media":0,"parent":41,"menu_order":5,"comment_status":"closed","ping_status":"closed","template":"","meta":{"footnotes":""},"class_list":["post-151","page","type-page","status-publish","hentry","post"],"_links":{"self":[{"href":"https:\/\/agrosoilbolivia.com\/index.php?rest_route=\/wp\/v2\/pages\/151","targetHints":{"allow":["GET"]}}],"collection":[{"href":"https:\/\/agrosoilbolivia.com\/index.php?rest_route=\/wp\/v2\/pages"}],"about":[{"href":"https:\/\/agrosoilbolivia.com\/index.php?rest_route=\/wp\/v2\/types\/page"}],"author":[{"embeddable":true,"href":"https:\/\/agrosoilbolivia.com\/index.php?rest_route=\/wp\/v2\/users\/1"}],"replies":[{"embeddable":true,"href":"https:\/\/agrosoilbolivia.com\/index.php?rest_route=%2Fwp%2Fv2%2Fcomments&post=151"}],"version-history":[{"count":2,"href":"https:\/\/agrosoilbolivia.com\/index.php?rest_route=\/wp\/v2\/pages\/151\/revisions"}],"predecessor-version":[{"id":258,"href":"https:\/\/agrosoilbolivia.com\/index.php?rest_route=\/wp\/v2\/pages\/151\/revisions\/258"}],"up":[{"embeddable":true,"href":"https:\/\/agrosoilbolivia.com\/index.php?rest_route=\/wp\/v2\/pages\/41"}],"wp:attachment":[{"href":"https:\/\/agrosoilbolivia.com\/index.php?rest_route=%2Fwp%2Fv2%2Fmedia&parent=151"}],"curies":[{"name":"wp","href":"https:\/\/api.w.org\/{rel}","templated":true}]}}