{"id":39,"date":"2018-03-25T23:18:53","date_gmt":"2018-03-25T23:18:53","guid":{"rendered":"http:\/\/www.agrosoilbolivia.com\/?page_id=39"},"modified":"2023-08-10T19:53:53","modified_gmt":"2023-08-10T19:53:53","slug":"nosotros","status":"publish","type":"page","link":"https:\/\/agrosoilbolivia.com\/?page_id=39","title":{"rendered":"Nosotros"},"content":{"rendered":"\n<div class=\"wp-block-columns is-layout-flex wp-container-core-columns-is-layout-9d6595d7 wp-block-columns-is-layout-flex\">\n<div class=\"wp-block-column is-layout-flow wp-block-column-is-layout-flow\" style=\"flex-basis:100%\"><div id=\"pl-gb39-69f35e8580bfb\"  class=\"panel-layout\" ><div id=\"pg-gb39-69f35e8580bfb-0\"  class=\"panel-grid panel-has-style\" ><div class=\"siteorigin-panels-stretch panel-row-style panel-row-style-for-gb39-69f35e8580bfb-0\" data-stretch-type=\"full\" ><div id=\"pgc-gb39-69f35e8580bfb-0-0\"  class=\"panel-grid-cell\" ><div id=\"panel-gb39-69f35e8580bfb-0-0-0\" class=\"so-panel widget widget_sow-image panel-first-child panel-last-child\" data-index=\"0\" ><div class=\"wow bounceInRight panel-widget-style panel-widget-style-for-gb39-69f35e8580bfb-0-0-0\" data-wow-offset=\"10\" data-wow-iteration=\"1\" ><div\n\t\t\t\n\t\t\tclass=\"so-widget-sow-image so-widget-sow-image-default-c67d20f9f743-39\"\n\t\t\t\n\t\t>\n<div class=\"sow-image-container\">\n\t\t<img \n\tsrc=\"https:\/\/agrosoilbolivia.com\/wp-content\/uploads\/2022\/01\/logoagrosoil.png\" width=\"591\" height=\"414\" srcset=\"https:\/\/agrosoilbolivia.com\/wp-content\/uploads\/2022\/01\/logoagrosoil.png 591w, https:\/\/agrosoilbolivia.com\/wp-content\/uploads\/2022\/01\/logoagrosoil-300x210.png 300w\" sizes=\"(max-width: 591px) 100vw, 591px\" title=\"logo agrosoil\" alt=\"logo agrosoil\" \t\tclass=\"so-widget-image\"\/>\n\t<\/div>\n\n<\/div><\/div><\/div><\/div><div id=\"pgc-gb39-69f35e8580bfb-0-1\"  class=\"panel-grid-cell\" ><div id=\"panel-gb39-69f35e8580bfb-0-1-0\" class=\"so-panel widget widget_sow-editor panel-first-child panel-last-child\" data-index=\"1\" ><div class=\"wow bounceInRight panel-widget-style panel-widget-style-for-gb39-69f35e8580bfb-0-1-0\" data-wow-offset=\"10\" data-wow-iteration=\"1\" ><div\n\t\t\t\n\t\t\tclass=\"so-widget-sow-editor so-widget-sow-editor-base\"\n\t\t\t\n\t\t><h3 class=\"widget-title\">Nosotros<\/h3>\n<div class=\"siteorigin-widget-tinymce textwidget\">\n\t<p style=\"text-align: justify;\">Somos una empresa comprometida a desarrollar t\u00e9cnicas de manejo de cultivos, nutricional y de alta calidad de aplicaci\u00f3n, desarrollando trabajos destinados a cubrir las necesidades del agricultor, brind\u00e1ndoles soluciones inmediatas.<\/p>\n<p>Contamos con la distribuci\u00f3n y venta de productos, fertilizantes, insumos agr\u00edcolas y coadyuvantes, los cuales est\u00e1n destinados a mejorar el rendimiento y productividad de los cultivos en peque\u00f1a y gran escala.<\/p>\n<\/div>\n<\/div><\/div><\/div><\/div><\/div><\/div><div id=\"pg-gb39-69f35e8580bfb-1\"  class=\"panel-grid panel-has-style\" ><div class=\"siteorigin-panels-stretch panel-row-style panel-row-style-for-gb39-69f35e8580bfb-1\" data-stretch-type=\"full\" ><div id=\"pgc-gb39-69f35e8580bfb-1-0\"  class=\"panel-grid-cell\" ><div id=\"panel-gb39-69f35e8580bfb-1-0-0\" class=\"so-panel widget widget_sow-image panel-first-child panel-last-child\" data-index=\"2\" ><div\n\t\t\t\n\t\t\tclass=\"so-widget-sow-image so-widget-sow-image-default-8b5b6f678277-39\"\n\t\t\t\n\t\t>\n<div class=\"sow-image-container\">\n\t\t<img \n\tsrc=\"https:\/\/agrosoilbolivia.com\/wp-content\/uploads\/2022\/01\/fumigadora1.jpg\" width=\"1700\" height=\"1200\" srcset=\"https:\/\/agrosoilbolivia.com\/wp-content\/uploads\/2022\/01\/fumigadora1.jpg 1700w, https:\/\/agrosoilbolivia.com\/wp-content\/uploads\/2022\/01\/fumigadora1-300x212.jpg 300w, https:\/\/agrosoilbolivia.com\/wp-content\/uploads\/2022\/01\/fumigadora1-1024x723.jpg 1024w, https:\/\/agrosoilbolivia.com\/wp-content\/uploads\/2022\/01\/fumigadora1-768x542.jpg 768w, https:\/\/agrosoilbolivia.com\/wp-content\/uploads\/2022\/01\/fumigadora1-1536x1084.jpg 1536w, https:\/\/agrosoilbolivia.com\/wp-content\/uploads\/2022\/01\/fumigadora1-650x459.jpg 650w, https:\/\/agrosoilbolivia.com\/wp-content\/uploads\/2022\/01\/fumigadora1-600x424.jpg 600w\" sizes=\"(max-width: 1700px) 100vw, 1700px\" title=\"calidad de aplicaci\u00f3n\" alt=\"calidad de aplicaci\u00f3n\" \t\tclass=\"so-widget-image\"\/>\n\t<\/div>\n\n<\/div><\/div><\/div><\/div><\/div><div id=\"pg-gb39-69f35e8580bfb-2\"  class=\"panel-grid panel-has-style\" ><div class=\"siteorigin-panels-stretch panel-row-style panel-row-style-for-gb39-69f35e8580bfb-2\" data-stretch-type=\"full\" ><div id=\"pgc-gb39-69f35e8580bfb-2-0\"  class=\"panel-grid-cell\" ><div id=\"panel-gb39-69f35e8580bfb-2-0-0\" class=\"so-panel widget widget_sow-image panel-first-child panel-last-child\" data-index=\"3\" ><div class=\"wow bounceInRight panel-widget-style panel-widget-style-for-gb39-69f35e8580bfb-2-0-0\" data-wow-offset=\"10\" data-wow-iteration=\"1\" ><div\n\t\t\t\n\t\t\tclass=\"so-widget-sow-image so-widget-sow-image-default-c67d20f9f743-39\"\n\t\t\t\n\t\t>\n<div class=\"sow-image-container\">\n\t\t<img \n\tsrc=\"https:\/\/agrosoilbolivia.com\/wp-content\/uploads\/2020\/04\/mision-300x300.png\" width=\"300\" height=\"300\" srcset=\"https:\/\/agrosoilbolivia.com\/wp-content\/uploads\/2020\/04\/mision-300x300.png 300w, https:\/\/agrosoilbolivia.com\/wp-content\/uploads\/2020\/04\/mision-150x150.png 150w, https:\/\/agrosoilbolivia.com\/wp-content\/uploads\/2020\/04\/mision-100x100.png 100w, https:\/\/agrosoilbolivia.com\/wp-content\/uploads\/2020\/04\/mision.png 450w\" sizes=\"(max-width: 300px) 100vw, 300px\" alt=\"\" \t\tclass=\"so-widget-image\"\/>\n\t<\/div>\n\n<\/div><\/div><\/div><\/div><div id=\"pgc-gb39-69f35e8580bfb-2-1\"  class=\"panel-grid-cell\" ><div id=\"panel-gb39-69f35e8580bfb-2-1-0\" class=\"so-panel widget widget_sow-editor panel-first-child panel-last-child\" data-index=\"4\" ><div class=\"wow bounceInRight panel-widget-style panel-widget-style-for-gb39-69f35e8580bfb-2-1-0\" data-wow-offset=\"10\" data-wow-iteration=\"1\" ><div\n\t\t\t\n\t\t\tclass=\"so-widget-sow-editor so-widget-sow-editor-base\"\n\t\t\t\n\t\t><h3 class=\"widget-title\">Misi\u00f3n<\/h3>\n<div class=\"siteorigin-widget-tinymce textwidget\">\n\t<p style=\"text-align: justify;\">Somos una Empresa Boliviana con a\u00f1os de experiencia en la comercializaci\u00f3n de productos para el sector agr\u00edcola, comprometidos en brindar variedad de insumos y servicios de calidad que satisfagan las necesidades del sector, eso contribuye para que nuestros clientes obtengan una mayor rentabilidad acompa\u00f1ado del asesoramiento t\u00e9cnico especializado.<\/p>\n<\/div>\n<\/div><\/div><\/div><\/div><\/div><\/div><div id=\"pg-gb39-69f35e8580bfb-3\"  class=\"panel-grid panel-has-style\" ><div class=\"siteorigin-panels-stretch panel-row-style panel-row-style-for-gb39-69f35e8580bfb-3\" data-stretch-type=\"full\" ><div id=\"pgc-gb39-69f35e8580bfb-3-0\"  class=\"panel-grid-cell\" ><div id=\"panel-gb39-69f35e8580bfb-3-0-0\" class=\"so-panel widget widget_sow-image panel-first-child panel-last-child\" data-index=\"5\" ><div class=\"wow bounceInRight panel-widget-style panel-widget-style-for-gb39-69f35e8580bfb-3-0-0\" data-wow-offset=\"10\" data-wow-iteration=\"1\" ><div\n\t\t\t\n\t\t\tclass=\"so-widget-sow-image so-widget-sow-image-default-c67d20f9f743-39\"\n\t\t\t\n\t\t>\n<div class=\"sow-image-container\">\n\t\t<img \n\tsrc=\"https:\/\/agrosoilbolivia.com\/wp-content\/uploads\/2020\/04\/vision-e1587610090243.png\" width=\"401\" height=\"300\" sizes=\"(max-width: 401px) 100vw, 401px\" title=\"vision\" alt=\"\" \t\tclass=\"so-widget-image\"\/>\n\t<\/div>\n\n<\/div><\/div><\/div><\/div><div id=\"pgc-gb39-69f35e8580bfb-3-1\"  class=\"panel-grid-cell\" ><div id=\"panel-gb39-69f35e8580bfb-3-1-0\" class=\"so-panel widget widget_sow-editor panel-first-child panel-last-child\" data-index=\"6\" ><div class=\"wow bounceInRight panel-widget-style panel-widget-style-for-gb39-69f35e8580bfb-3-1-0\" data-wow-offset=\"10\" data-wow-iteration=\"1\" ><div\n\t\t\t\n\t\t\tclass=\"so-widget-sow-editor so-widget-sow-editor-base\"\n\t\t\t\n\t\t><h3 class=\"widget-title\">Visi\u00f3n<\/h3>\n<div class=\"siteorigin-widget-tinymce textwidget\">\n\t<p style=\"text-align: justify;\">Ser una Empresa proveedora de productos y servicios basados en conocimientos tecnol\u00f3gicos y cient\u00edficos, que dan respuesta a las necesidades del sector agropecuario y agroindustrial, para contribuir y ser un referente en el desarrollo agr\u00edcola.<\/p>\n<\/div>\n<\/div><\/div><\/div><\/div><\/div><\/div><\/div><\/div>\n<\/div>\n","protected":false},"excerpt":{"rendered":"","protected":false},"author":2,"featured_media":0,"parent":0,"menu_order":0,"comment_status":"closed","ping_status":"closed","template":"","meta":{"footnotes":""},"class_list":["post-39","page","type-page","status-publish","hentry","post"],"_links":{"self":[{"href":"https:\/\/agrosoilbolivia.com\/index.php?rest_route=\/wp\/v2\/pages\/39","targetHints":{"allow":["GET"]}}],"collection":[{"href":"https:\/\/agrosoilbolivia.com\/index.php?rest_route=\/wp\/v2\/pages"}],"about":[{"href":"https:\/\/agrosoilbolivia.com\/index.php?rest_route=\/wp\/v2\/types\/page"}],"author":[{"embeddable":true,"href":"https:\/\/agrosoilbolivia.com\/index.php?rest_route=\/wp\/v2\/users\/2"}],"replies":[{"embeddable":true,"href":"https:\/\/agrosoilbolivia.com\/index.php?rest_route=%2Fwp%2Fv2%2Fcomments&post=39"}],"version-history":[{"count":33,"href":"https:\/\/agrosoilbolivia.com\/index.php?rest_route=\/wp\/v2\/pages\/39\/revisions"}],"predecessor-version":[{"id":775,"href":"https:\/\/agrosoilbolivia.com\/index.php?rest_route=\/wp\/v2\/pages\/39\/revisions\/775"}],"wp:attachment":[{"href":"https:\/\/agrosoilbolivia.com\/index.php?rest_route=%2Fwp%2Fv2%2Fmedia&parent=39"}],"curies":[{"name":"wp","href":"https:\/\/api.w.org\/{rel}","templated":true}]}}