{"id":164,"date":"2018-03-27T05:22:35","date_gmt":"2018-03-27T05:22:35","guid":{"rendered":"http:\/\/www.agrosoilbolivia.com\/?post_type=product&#038;p=164"},"modified":"2023-08-10T20:45:39","modified_gmt":"2023-08-10T20:45:39","slug":"fulvin-40-22","status":"publish","type":"product","link":"https:\/\/agrosoilbolivia.com\/?product=fulvin-40-22","title":{"rendered":"Fulvin 40-22"},"content":{"rendered":"<p>Abono \u00f3rgano-mineral NPK l\u00edquido<\/p>\n<h3><strong>RIQUEZAS GARANTIZADAS<\/strong><\/h3>\n\n<table id=\"tablepress-8\" class=\"tablepress tablepress-id-8\">\n<tbody class=\"row-striping row-hover\">\n<tr class=\"row-1\">\n\t<td class=\"column-1\">Nitr\u00f3geno (N) total<\/td><td class=\"column-2\"> 57 g\/l <\/td>\n<\/tr>\n<tr class=\"row-2\">\n\t<td class=\"column-1\">Nitr\u00f3geno (N) org\u00e1nico<\/td><td class=\"column-2\">28 g\/l <\/td>\n<\/tr>\n<tr class=\"row-3\">\n\t<td class=\"column-1\">Nitr\u00f3geno (N) ureico<\/td><td class=\"column-2\"> 29 g\/l <\/td>\n<\/tr>\n<tr class=\"row-4\">\n\t<td class=\"column-1\">Pent\u00f3xido de f\u00f3sforo (P2O5)  soluble en agua<\/td><td class=\"column-2\"> 38 g\/l <\/td>\n<\/tr>\n<tr class=\"row-5\">\n\t<td class=\"column-1\">\u00d3xido de potasio (K2O)  soluble en agua<\/td><td class=\"column-2\"> 38 g\/l <\/td>\n<\/tr>\n<tr class=\"row-6\">\n\t<td class=\"column-1\">Carbono (C) org\u00e1nico<\/td><td class=\"column-2\"> 200 g\/l (20,0% p\/v) <\/td>\n<\/tr>\n<tr class=\"row-7\">\n\t<td class=\"column-1\">Materia org\u00e1nica<\/td><td class=\"column-2\">504 g\/l (50,4% p\/v) <\/td>\n<\/tr>\n<tr class=\"row-8\">\n\t<td class=\"column-1\">\u00c1cidos f\u00falvicos<\/td><td class=\"column-2\">277 g\/l (27,7% p\/v) <\/td>\n<\/tr>\n<tr class=\"row-9\">\n\t<td class=\"column-1\">Densidad<\/td><td class=\"column-2\">1,26 Kg\/L<\/td>\n<\/tr>\n<tr class=\"row-10\">\n\t<td class=\"column-1\">pH<\/td><td class=\"column-2\">5,7 <\/td>\n<\/tr>\n<\/tbody>\n<\/table>\n<!-- #tablepress-8 from cache -->\n<h3 style=\"text-align: justify;\"><strong>OTROS NUTRIENTES<\/strong><\/h3>\n<p style=\"text-align: left;\">Tambi\u00e9n contiene: materia org\u00e1nica (40% p\/p), \u00e1cidos f\u00falvicos (22% p\/p), prote\u00edna vegetal y nutrientes secundarios.<\/p>\n<h3 style=\"text-align: justify;\"><strong>CARACTER\u00cdSTICAS<\/strong><\/h3>\n<p style=\"text-align: justify;\"><span style=\"color: #ff6600;\"><strong>FULVIN 40-22<\/strong><\/span> es un formulado especial con una larga trayectoria en el mercado de los agronutrientes, consiguiendo siempre unos resultados m\u00e1s que satisfactorios en todos los cultivos.<\/p>\n<p style=\"text-align: justify;\">El \u00e9xito de <span style=\"color: #ff6600;\"><strong>FULVIN 40-22<\/strong><\/span> viene dado entre otras cosas por su espec\u00edfica formulaci\u00f3n que conjuga los siguientes nutrientes: materia org\u00e1nica, sustancias h\u00famico-f\u00falvicas, NPK, microelementos y prote\u00edna de origen vegetal.<\/p>\n<p style=\"text-align: justify;\">La presencia de la materia org\u00e1nica en el suelo proporciona importantes ventajas, mejorando sus propiedades f\u00edsicas (mejor estructura y mayor capacidad de retenci\u00f3n de agua), qu\u00edmicas (facilita el intercambio cati\u00f3nico) y biol\u00f3gicas, mejorando la actividad microbiana. Cuando los niveles de materia org\u00e1nica en el suelo son bajos, deber\u00e1 ser aportada para mejorar el cultivo. <span style=\"color: #ff6600;\"><strong>FULVIN 40-22<\/strong><\/span> cumple estas funciones.<\/p>\n<p style=\"text-align: justify;\">Los \u00e1cidos f\u00falvicos tienen la caracter\u00edstica espec\u00edfica de complejar los nutrientes existentes en el complejo arcilloh\u00famico, junto con un gran poder de asimilaci\u00f3n y penetraci\u00f3n en la planta.<\/p>\n<p style=\"text-align: justify;\">Los NKP son parte esencial de la nutrici\u00f3n b\u00e1sica de todos los cultivos. Los microelementos ayudan a evitar la aparici\u00f3n de carencias. La prote\u00edna vegetal, act\u00faa como estimulante en el desarrollo vegetativo de las plantas.<\/p>\n<h3><strong>Tipo de presentaci\u00f3n<\/strong><\/h3>\n<p>Gal\u00f3n de 20 lts. y 5 lts.<\/p>\n","protected":false},"excerpt":{"rendered":"<p>Abono \u00f3rgano-mineral NPK l\u00edquido<\/p>\n<p>&nbsp;<\/p>\n<h3 style=\"text-align: justify;\"><strong>CARACTER\u00cdSTICAS<\/strong><\/h3>\n<p style=\"text-align: justify;\"><span style=\"color: #ff6600;\"><strong>FULVIN 40-22<\/strong><\/span> es un formulado especial con una larga trayectoria en el mercado de los agronutrientes, consiguiendo siempre unos resultados m\u00e1s que satisfactorios en todos los cultivos.<\/p>\n<p style=\"text-align: justify;\">El \u00e9xito de <span style=\"color: #ff6600;\"><strong>FULVIN 40-22<\/strong><\/span> viene dado entre otras cosas por su espec\u00edfica formulaci\u00f3n que conjuga los siguientes nutrientes: materia org\u00e1nica, sustancias h\u00famico-f\u00falvicas, NPK, microelementos y prote\u00edna de origen vegetal.<\/p>\n<p style=\"text-align: justify;\">La presencia de la materia org\u00e1nica en el suelo proporciona importantes ventajas, mejorando sus propiedades f\u00edsicas (mejor estructura y mayor capacidad de retenci\u00f3n de agua), qu\u00edmicas (facilita el intercambio cati\u00f3nico) y biol\u00f3gicas, mejorando la actividad microbiana. Cuando los niveles de materia org\u00e1nica en el suelo son bajos, deber\u00e1 ser aportada para mejorar el cultivo. <span style=\"color: #ff6600;\"><strong>FULVIN 40-22<\/strong><\/span> cumple estas funciones.<\/p>\n<p style=\"text-align: justify;\">Los \u00e1cidos f\u00falvicos tienen la caracter\u00edstica espec\u00edfica de complejar los nutrientes existentes en el complejo arcilloh\u00famico, junto con un gran poder de asimilaci\u00f3n y penetraci\u00f3n en la planta.<\/p>\n<p style=\"text-align: justify;\">Los NKP son parte esencial de la nutrici\u00f3n b\u00e1sica de todos los cultivos. Los microelementos ayudan a evitar la aparici\u00f3n de carencias. La prote\u00edna vegetal, act\u00faa como estimulante en el desarrollo vegetativo de las plantas.<\/p>\n<h3><strong>OTROS NUTRIENTES<\/strong><\/h3>\n<p>Tambi\u00e9n contiene: materia org\u00e1nica (40% p\/p), \u00e1cidos f\u00falvicos (22% p\/p), prote\u00edna vegetal y nutrientes secundarios.<\/p>\n<h3><strong>Tipo de presentaci\u00f3n<\/strong><\/h3>\n<p>Gal\u00f3n de 20 lts. y 5 lts.<\/p>\n","protected":false},"featured_media":646,"comment_status":"open","ping_status":"closed","template":"","meta":[],"product_brand":[],"product_cat":[22],"product_tag":[],"class_list":{"0":"post-164","1":"product","2":"type-product","3":"status-publish","4":"has-post-thumbnail","6":"product_cat-agricultura","7":"post","9":"first","10":"instock","11":"shipping-taxable","12":"product-type-simple"},"_links":{"self":[{"href":"https:\/\/agrosoilbolivia.com\/index.php?rest_route=\/wp\/v2\/product\/164","targetHints":{"allow":["GET"]}}],"collection":[{"href":"https:\/\/agrosoilbolivia.com\/index.php?rest_route=\/wp\/v2\/product"}],"about":[{"href":"https:\/\/agrosoilbolivia.com\/index.php?rest_route=\/wp\/v2\/types\/product"}],"replies":[{"embeddable":true,"href":"https:\/\/agrosoilbolivia.com\/index.php?rest_route=%2Fwp%2Fv2%2Fcomments&post=164"}],"wp:featuredmedia":[{"embeddable":true,"href":"https:\/\/agrosoilbolivia.com\/index.php?rest_route=\/wp\/v2\/media\/646"}],"wp:attachment":[{"href":"https:\/\/agrosoilbolivia.com\/index.php?rest_route=%2Fwp%2Fv2%2Fmedia&parent=164"}],"wp:term":[{"taxonomy":"product_brand","embeddable":true,"href":"https:\/\/agrosoilbolivia.com\/index.php?rest_route=%2Fwp%2Fv2%2Fproduct_brand&post=164"},{"taxonomy":"product_cat","embeddable":true,"href":"https:\/\/agrosoilbolivia.com\/index.php?rest_route=%2Fwp%2Fv2%2Fproduct_cat&post=164"},{"taxonomy":"product_tag","embeddable":true,"href":"https:\/\/agrosoilbolivia.com\/index.php?rest_route=%2Fwp%2Fv2%2Fproduct_tag&post=164"}],"curies":[{"name":"wp","href":"https:\/\/api.w.org\/{rel}","templated":true}]}}