{"id":184,"date":"2018-03-27T21:04:37","date_gmt":"2018-03-27T21:04:37","guid":{"rendered":"http:\/\/www.agrosoilbolivia.com\/?post_type=product&#038;p=184"},"modified":"2023-08-10T18:34:15","modified_gmt":"2023-08-10T18:34:15","slug":"libamin-aminoacidos","status":"publish","type":"product","link":"https:\/\/agrosoilbolivia.com\/?product=libamin-aminoacidos","title":{"rendered":"Libamin Aminoacidos"},"content":{"rendered":"<h3><strong>RIQUEZAS GARANTIZADAS<\/strong><\/h3>\n\n<table id=\"tablepress-4\" class=\"tablepress tablepress-id-4\">\n<tbody class=\"row-striping row-hover\">\n<tr class=\"row-1\">\n\t<td class=\"column-1\">Amino\u00e1cidos libres<\/td><td class=\"column-2\">7,20 % p\/p<\/td>\n<\/tr>\n<tr class=\"row-2\">\n\t<td class=\"column-1\">Materia org\u00e1nica<\/td><td class=\"column-2\">18,50 % p\/p<\/td>\n<\/tr>\n<tr class=\"row-3\">\n\t<td class=\"column-1\">Nitr\u00f3geno (N) total<\/td><td class=\"column-2\">8,40 % p\/p<\/td>\n<\/tr>\n<tr class=\"row-4\">\n\t<td class=\"column-1\">Nitr\u00f3geno (N) amoniacal<\/td><td class=\"column-2\">1,40 % p\/p<\/td>\n<\/tr>\n<tr class=\"row-5\">\n\t<td class=\"column-1\">Nitr\u00f3geno (N) n\u00edtrico<\/td><td class=\"column-2\">1,50 % p\/p<\/td>\n<\/tr>\n<tr class=\"row-6\">\n\t<td class=\"column-1\">Nitr\u00f3geno (N) org\u00e1nico<\/td><td class=\"column-2\">1,30 % p\/p<\/td>\n<\/tr>\n<tr class=\"row-7\">\n\t<td class=\"column-1\">Nitr\u00f3geno (N) ureico<\/td><td class=\"column-2\">4,20 % p\/p<\/td>\n<\/tr>\n<tr class=\"row-8\">\n\t<td class=\"column-1\">Pent\u00f3xido de f\u00f3sforo (P2O5)<br \/>\nsoluble en agua<\/td><td class=\"column-2\">3,40 % p\/p<\/td>\n<\/tr>\n<tr class=\"row-9\">\n\t<td class=\"column-1\">\u00d3xido de potasio (K2O) soluble en agua<\/td><td class=\"column-2\">5,00 % p\/p<\/td>\n<\/tr>\n<tr class=\"row-10\">\n\t<td class=\"column-1\">Boro (B) soluble en agua<\/td><td class=\"column-2\">0,016 % p\/p<\/td>\n<\/tr>\n<tr class=\"row-11\">\n\t<td class=\"column-1\">Manganeso (Mn) soluble en agua<\/td><td class=\"column-2\">0,016 % p\/p<\/td>\n<\/tr>\n<tr class=\"row-12\">\n\t<td class=\"column-1\">Molibdeno (Mo) soluble en agua<\/td><td class=\"column-2\">0,016 % p\/p<\/td>\n<\/tr>\n<tr class=\"row-13\">\n\t<td class=\"column-1\">Zinc (Zn) soluble en agua<\/td><td class=\"column-2\">0,016 % p\/p<\/td>\n<\/tr>\n<\/tbody>\n<\/table>\n<!-- #tablepress-4 from cache -->\n<h3 style=\"text-align: justify;\"><strong>AMINOGRAMA<\/strong><\/h3>\n<p style=\"text-align: left;\">Alanina, Arginina, Asp\u00e1rtico, Glut\u00e1mico, Fenilalanina, Glicina, Isoleucina, Histidina, Leucina, Lisina, Metionina, Prolina, Serina, Tirosina, Treonina, Valina. PRESENTACI\u00d3N<br \/>\n1; 5 y 20 L.<\/p>\n<h3 style=\"text-align: justify;\"><strong>CARACTER\u00cdSTICAS<\/strong><\/h3>\n<p style=\"text-align: justify;\"><span style=\"color: #ff6600;\"><strong>LIBAMIN AMINO\u00c1CIDOS<\/strong><\/span> es un fertilizante a base de amino\u00e1cidos procedentes de la hidr\u00f3lisis enzim\u00e1tica con macro y microelementos. Act\u00faa como activador de los procesos fisiol\u00f3gicos y aumenta la actividad metab\u00f3lica de las plantas.<\/p>\n<p style=\"text-align: justify;\">Con la aplicaci\u00f3n de <span style=\"color: #ff6600;\"><strong>LIBAMIN AMINO\u00c1CIDOS<\/strong><\/span> conseguimos estimular el crecimiento de las plantas, principalmente las brotaciones y adelantar la maduraci\u00f3n. Adem\u00e1s, aumenta la calidad y el calibre de los frutos y favorece la apertura de estomas en las hojas.<\/p>\n<p style=\"text-align: justify;\"><span style=\"color: #ff6600;\"><strong>LIBAMIN AMINO\u00c1CIDOS<\/strong><\/span> aumenta la resistencia a situaciones de estr\u00e9s y ayuda a ahorrar y mejorar el aprovechamiento de los fertilizantes y abonos, consiguiendo un mayor rendimiento de las cosechas, y por tanto, el aumento de la rentabilidad del cultivo. En las aplicaciones por v\u00eda radicular tiene acci\u00f3n complejante sobre los micronutrientes, tanto con los aportados como los ya existentes en el suelo.<\/p>\n<h3 style=\"text-align: justify;\"><strong>MODO DE EMPLEO<\/strong><\/h3>\n<p style=\"text-align: justify;\">Pulverizaci\u00f3n foliar y v\u00eda radicular a trav\u00e9s de cualquier sistema de riego.<\/p>\n<h3 style=\"text-align: justify;\"><strong>COMPATIBILIDADES<\/strong><\/h3>\n<p style=\"text-align: justify;\">Es compatible con los abonos solubles, productos fitosanitarios y abonos foliares. Es aconsejable hacer una prueba previa.<\/p>\n","protected":false},"excerpt":{"rendered":"<p>&nbsp;<\/p>\n<h3 style=\"text-align: justify;\"><strong>AMINOGRAMA<\/strong><\/h3>\n<p style=\"text-align: justify;\">Alanina, Arginina, Asp\u00e1rtico, Glut\u00e1mico, Fenilalanina, Glicina, Isoleucina, Histidina, Leucina, Lisina, Metionina, Prolina, Serina, Tirosina, Treonina, Valina. PRESENTACI\u00d3N<br \/>\n1; 5 y 20 L.<\/p>\n<h3 style=\"text-align: justify;\"><strong>CARACTER\u00cdSTICAS<\/strong><\/h3>\n<p style=\"text-align: justify;\"><span style=\"color: #ff6600;\"><strong>LIBAMIN AMINO\u00c1CIDOS<\/strong><\/span> es un fertilizante a base de amino\u00e1cidos procedentes de la hidr\u00f3lisis enzim\u00e1tica con macro y microelementos. Act\u00faa como activador de los procesos fisiol\u00f3gicos y aumenta la actividad metab\u00f3lica de las plantas.<\/p>\n<p>&nbsp;<\/p>\n<p>&nbsp;<\/p>\n","protected":false},"featured_media":636,"comment_status":"open","ping_status":"closed","template":"","meta":[],"product_brand":[],"product_cat":[22],"product_tag":[],"class_list":{"0":"post-184","1":"product","2":"type-product","3":"status-publish","4":"has-post-thumbnail","6":"product_cat-agricultura","7":"post","9":"first","10":"instock","11":"shipping-taxable","12":"product-type-simple"},"_links":{"self":[{"href":"https:\/\/agrosoilbolivia.com\/index.php?rest_route=\/wp\/v2\/product\/184","targetHints":{"allow":["GET"]}}],"collection":[{"href":"https:\/\/agrosoilbolivia.com\/index.php?rest_route=\/wp\/v2\/product"}],"about":[{"href":"https:\/\/agrosoilbolivia.com\/index.php?rest_route=\/wp\/v2\/types\/product"}],"replies":[{"embeddable":true,"href":"https:\/\/agrosoilbolivia.com\/index.php?rest_route=%2Fwp%2Fv2%2Fcomments&post=184"}],"wp:featuredmedia":[{"embeddable":true,"href":"https:\/\/agrosoilbolivia.com\/index.php?rest_route=\/wp\/v2\/media\/636"}],"wp:attachment":[{"href":"https:\/\/agrosoilbolivia.com\/index.php?rest_route=%2Fwp%2Fv2%2Fmedia&parent=184"}],"wp:term":[{"taxonomy":"product_brand","embeddable":true,"href":"https:\/\/agrosoilbolivia.com\/index.php?rest_route=%2Fwp%2Fv2%2Fproduct_brand&post=184"},{"taxonomy":"product_cat","embeddable":true,"href":"https:\/\/agrosoilbolivia.com\/index.php?rest_route=%2Fwp%2Fv2%2Fproduct_cat&post=184"},{"taxonomy":"product_tag","embeddable":true,"href":"https:\/\/agrosoilbolivia.com\/index.php?rest_route=%2Fwp%2Fv2%2Fproduct_tag&post=184"}],"curies":[{"name":"wp","href":"https:\/\/api.w.org\/{rel}","templated":true}]}}