{"id":188,"date":"2018-03-28T22:13:51","date_gmt":"2018-03-28T22:13:51","guid":{"rendered":"http:\/\/www.agrosoilbolivia.com\/?post_type=product&#038;p=188"},"modified":"2023-08-10T20:42:26","modified_gmt":"2023-08-10T20:42:26","slug":"jisaquel-potasio","status":"publish","type":"product","link":"https:\/\/agrosoilbolivia.com\/?product=jisaquel-potasio","title":{"rendered":"Jisaquel Potasio"},"content":{"rendered":"<h3 style=\"text-align: justify;\"><strong>CARACTER\u00cdSTICAS<\/strong><\/h3>\n<p style=\"text-align: justify;\"><span style=\"color: #ff6600;\"><strong>JISAQUEL Potasio<\/strong><\/span> es un fertilizante l\u00edquido con un alto contenido en potasio (K2O), que acompa\u00f1ado de un agente quelante (EDTA) hace al producto m\u00e1s disponible para la planta en los momentos de mayor necesidad de este nutriente.<\/p>\n<p style=\"text-align: justify;\"><span style=\"color: #ff6600;\"><strong>JISAQUEL Potasio<\/strong><\/span> est\u00e1 especialmente indicado para el engorde y maduraci\u00f3n, consiguiendo aumentar el calibre, mejorar la coloraci\u00f3n y las cualidades organol\u00e9pticas de los frutos.<\/p>\n<h3 style=\"text-align: justify;\"><strong>MODO DE EMPLEO<\/strong><\/h3>\n<p style=\"text-align: justify;\">Es un producto preparado para su utilizaci\u00f3n tanto foliar como radicular junto con los abonos solubles.<\/p>\n<h3 style=\"text-align: justify;\"><strong>DOSIS<\/strong><\/h3>\n<p style=\"text-align: justify;\">&#8211; V\u00eda foliar: se realizar\u00e1n entre 2 y 3 aplicaciones a raz\u00f3n de 150-200 cc\/hl &#8211; V\u00eda radicular: se aportar\u00e1 complementando el plan de abonado, desde el cuajado de frutos hasta su maduraci\u00f3n, a raz\u00f3n de 50-60 l\/ha, distribuido en varias aportaciones.<\/p>\n<h3 style=\"text-align: justify;\"><strong>COMPATIBILIDADES<\/strong><\/h3>\n<p style=\"text-align: justify;\">Es compatible con otros productos nutricionales y fitosanitarios a excepci\u00f3n de los que contengan calcio o tengan el pH bajo (\u00e1cido). Es conveniente realizar una prueba previa.<\/p>\n<h3 style=\"text-align: justify;\"><strong>PRESENTACI\u00d3N<\/strong><\/h3>\n<p style=\"text-align: justify;\">1; 5 y 20 L.<\/p>\n","protected":false},"excerpt":{"rendered":"<h3 style=\"text-align: justify;\"><strong>CARACTER\u00cdSTICAS<\/strong><\/h3>\n<p style=\"text-align: justify;\"><span style=\"color: #ff6600;\"><strong>JISAQUEL Potasio<\/strong><\/span> es un fertilizante l\u00edquido con un alto contenido en potasio (K2O), que acompa\u00f1ado de un agente quelante (EDTA) hace al producto m\u00e1s disponible para la planta en los momentos de mayor necesidad de este nutriente.<\/p>\n<p style=\"text-align: justify;\"><span style=\"color: #ff6600;\"><strong>JISAQUEL Potasio<\/strong><\/span> est\u00e1 especialmente indicado para el engorde y maduraci\u00f3n, consiguiendo aumentar el calibre, mejorar la coloraci\u00f3n y las cualidades organol\u00e9pticas de los frutos.<\/p>\n<h3 style=\"text-align: justify;\"><strong>MODO DE EMPLEO<\/strong><\/h3>\n<p style=\"text-align: justify;\">Es un producto preparado para su utilizaci\u00f3n tanto foliar como radicular junto con los abonos solubles.<\/p>\n<p>&nbsp;<\/p>\n","protected":false},"featured_media":645,"comment_status":"open","ping_status":"closed","template":"","meta":[],"product_brand":[],"product_cat":[22],"product_tag":[],"class_list":{"0":"post-188","1":"product","2":"type-product","3":"status-publish","4":"has-post-thumbnail","6":"product_cat-agricultura","7":"post","9":"first","10":"instock","11":"shipping-taxable","12":"product-type-simple"},"_links":{"self":[{"href":"https:\/\/agrosoilbolivia.com\/index.php?rest_route=\/wp\/v2\/product\/188","targetHints":{"allow":["GET"]}}],"collection":[{"href":"https:\/\/agrosoilbolivia.com\/index.php?rest_route=\/wp\/v2\/product"}],"about":[{"href":"https:\/\/agrosoilbolivia.com\/index.php?rest_route=\/wp\/v2\/types\/product"}],"replies":[{"embeddable":true,"href":"https:\/\/agrosoilbolivia.com\/index.php?rest_route=%2Fwp%2Fv2%2Fcomments&post=188"}],"wp:featuredmedia":[{"embeddable":true,"href":"https:\/\/agrosoilbolivia.com\/index.php?rest_route=\/wp\/v2\/media\/645"}],"wp:attachment":[{"href":"https:\/\/agrosoilbolivia.com\/index.php?rest_route=%2Fwp%2Fv2%2Fmedia&parent=188"}],"wp:term":[{"taxonomy":"product_brand","embeddable":true,"href":"https:\/\/agrosoilbolivia.com\/index.php?rest_route=%2Fwp%2Fv2%2Fproduct_brand&post=188"},{"taxonomy":"product_cat","embeddable":true,"href":"https:\/\/agrosoilbolivia.com\/index.php?rest_route=%2Fwp%2Fv2%2Fproduct_cat&post=188"},{"taxonomy":"product_tag","embeddable":true,"href":"https:\/\/agrosoilbolivia.com\/index.php?rest_route=%2Fwp%2Fv2%2Fproduct_tag&post=188"}],"curies":[{"name":"wp","href":"https:\/\/api.w.org\/{rel}","templated":true}]}}