{"id":292,"date":"2018-04-19T21:50:19","date_gmt":"2018-04-19T21:50:19","guid":{"rendered":"http:\/\/www.agrosoilbolivia.com\/?post_type=product&#038;p=292"},"modified":"2023-08-10T18:25:49","modified_gmt":"2023-08-10T18:25:49","slug":"nutrijisa-mix","status":"publish","type":"product","link":"https:\/\/agrosoilbolivia.com\/?product=nutrijisa-mix","title":{"rendered":"Nutrijisa Mix"},"content":{"rendered":"<h3><strong>RIQUEZAS GARANTIZADAS<\/strong><\/h3>\n\n<table id=\"tablepress-9\" class=\"tablepress tablepress-id-9\">\n<tbody class=\"row-striping row-hover\">\n<tr class=\"row-1\">\n\t<td class=\"column-1\">Boro (B) soluble en agua<\/td><td class=\"column-2\">0,50 % p\/p<\/td>\n<\/tr>\n<tr class=\"row-2\">\n\t<td class=\"column-1\">Cobre (Cu) soluble en agua<\/td><td class=\"column-2\">0,20 % p\/p<\/td>\n<\/tr>\n<tr class=\"row-3\">\n\t<td class=\"column-1\">Hierro (Fe) soluble en agua<\/td><td class=\"column-2\">4,10 % p\/p<\/td>\n<\/tr>\n<tr class=\"row-4\">\n\t<td class=\"column-1\">Manganeso (Mn) soluble en agua<\/td><td class=\"column-2\">2,40 % p\/p<\/td>\n<\/tr>\n<tr class=\"row-5\">\n\t<td class=\"column-1\">Molibdeno (Mo) soluble en agua<\/td><td class=\"column-2\">0,05 % p\/p<\/td>\n<\/tr>\n<tr class=\"row-6\">\n\t<td class=\"column-1\">Zinc (Zn) soluble en agua<\/td><td class=\"column-2\">0,80 % p\/p<\/td>\n<\/tr>\n<tr class=\"row-7\">\n\t<td class=\"column-1\">Agente complejante:<\/td><td class=\"column-2\">\u00c1cido gluc\u00f3nico<\/td>\n<\/tr>\n<\/tbody>\n<\/table>\n<!-- #tablepress-9 from cache -->\n<h3 style=\"text-align: justify;\"><strong>CARACTERISTICAS<\/strong><\/h3>\n<p style=\"text-align: justify;\"><strong><span style=\"color: #ff6600;\">NUTRIJISA MIX<\/span><\/strong> es una formulaci\u00f3n l\u00edquida de micronutrientes complejados por \u00e1cido gluc\u00f3nico, preparada para la prevenci\u00f3n y correcci\u00f3n de estados carenciales m\u00faltiples, provocados por las deficiencias o falta de asimilaci\u00f3n por parte de la planta de los micronutrientes que componen el producto.<\/p>\n<p style=\"text-align: justify;\">Contiene los principales micronutrientes necesarios para la nutrici\u00f3n vegetal y que intervienen directamente en los procesos fisiol\u00f3gicos de las plantas.<\/p>\n<h3 style=\"text-align: justify;\"><strong>MODO DE EMPLEO<\/strong><\/h3>\n<p style=\"text-align: justify;\"><strong><span style=\"color: #ff6600;\">NUTRIJISA MIX<\/span><\/strong> est\u00e1 recomendado para todo tipo de cultivos: hort\u00edcolas, fresa, frutales en general, c\u00edtricos, olivo, vi\u00f1a, platanera, ornamentales, etc.<\/p>\n<p style=\"text-align: justify;\"><strong><span style=\"color: #ff6600;\">NUTRIJISA MIX<\/span><\/strong> se puede aplicar mediante pulverizaci\u00f3n foliar, v\u00eda radicular mediante cualquier sistema de riego y cultivos hidrop\u00f3nicos.<\/p>\n<h3 style=\"text-align: justify;\"><strong>COMPATIBILIDADES<\/strong><\/h3>\n<p style=\"text-align: justify;\">No mezclar con caldos c\u00e1lcicos ni \u00e1cidos fuertes ni con productos de reacci\u00f3n alcalina.<\/p>\n<h3 style=\"text-align: justify;\"><strong>PRESENTACION<\/strong><\/h3>\n<p style=\"text-align: justify;\">1; 5 y 20 L.<\/p>\n","protected":false},"excerpt":{"rendered":"<h3><strong>CARACTERISTICAS<\/strong><\/h3>\n<p style=\"text-align: justify;\"><strong><span style=\"color: #ff6600;\">NUTRIJISA MIX<\/span><\/strong> es una formulaci\u00f3n l\u00edquida de micronutrientes complejados por \u00e1cido gluc\u00f3nico, preparada para la prevenci\u00f3n y correcci\u00f3n de estados carenciales m\u00faltiples, provocados por las deficiencias o falta de asimilaci\u00f3n por parte de la planta de los micronutrientes que componen el producto.<\/p>\n<p style=\"text-align: justify;\">Contiene los principales micronutrientes necesarios para la nutrici\u00f3n vegetal y que intervienen directamente en los procesos fisiol\u00f3gicos de las plantas.<\/p>\n","protected":false},"featured_media":632,"comment_status":"open","ping_status":"closed","template":"","meta":[],"product_brand":[],"product_cat":[22],"product_tag":[],"class_list":{"0":"post-292","1":"product","2":"type-product","3":"status-publish","4":"has-post-thumbnail","6":"product_cat-agricultura","7":"post","9":"first","10":"instock","11":"shipping-taxable","12":"product-type-simple"},"_links":{"self":[{"href":"https:\/\/agrosoilbolivia.com\/index.php?rest_route=\/wp\/v2\/product\/292","targetHints":{"allow":["GET"]}}],"collection":[{"href":"https:\/\/agrosoilbolivia.com\/index.php?rest_route=\/wp\/v2\/product"}],"about":[{"href":"https:\/\/agrosoilbolivia.com\/index.php?rest_route=\/wp\/v2\/types\/product"}],"replies":[{"embeddable":true,"href":"https:\/\/agrosoilbolivia.com\/index.php?rest_route=%2Fwp%2Fv2%2Fcomments&post=292"}],"wp:featuredmedia":[{"embeddable":true,"href":"https:\/\/agrosoilbolivia.com\/index.php?rest_route=\/wp\/v2\/media\/632"}],"wp:attachment":[{"href":"https:\/\/agrosoilbolivia.com\/index.php?rest_route=%2Fwp%2Fv2%2Fmedia&parent=292"}],"wp:term":[{"taxonomy":"product_brand","embeddable":true,"href":"https:\/\/agrosoilbolivia.com\/index.php?rest_route=%2Fwp%2Fv2%2Fproduct_brand&post=292"},{"taxonomy":"product_cat","embeddable":true,"href":"https:\/\/agrosoilbolivia.com\/index.php?rest_route=%2Fwp%2Fv2%2Fproduct_cat&post=292"},{"taxonomy":"product_tag","embeddable":true,"href":"https:\/\/agrosoilbolivia.com\/index.php?rest_route=%2Fwp%2Fv2%2Fproduct_tag&post=292"}],"curies":[{"name":"wp","href":"https:\/\/api.w.org\/{rel}","templated":true}]}}