{"id":657,"date":"2023-08-10T21:31:45","date_gmt":"2023-08-10T21:31:45","guid":{"rendered":"http:\/\/agrosoilbolivia.com\/?post_type=product&#038;p=657"},"modified":"2024-10-30T13:47:57","modified_gmt":"2024-10-30T13:47:57","slug":"cupro-activ","status":"publish","type":"product","link":"https:\/\/agrosoilbolivia.com\/?product=cupro-activ","title":{"rendered":"Cupro Activ"},"content":{"rendered":"<p>CUPROACTIV est\u00e1 especialmente<br \/>\nindicado para prevenir y combatir<br \/>\nenfermedades de fin de ciclo: mancha<br \/>\nanillada, antracnosis, roya, mildiu,<br \/>\noidium, ojo de rana.<br \/>\nSe encuentra totalmente quelatado<br \/>\npor EDTA, por lo que su disponibilidad<br \/>\npara la planta es m\u00e1xima.<br \/>\nGracias a las propiedades del cobre,<br \/>\nhace que tenga cierto efecto<br \/>\nbeneficioso sobre los cultivos.<\/p>\n","protected":false},"excerpt":{"rendered":"<p>Cupro Activ es un producto solido en forma de microgr\u00e1nulo, totalmente soluble, formulado a base de cobre quelatado por EDTA. Por lo que su asimilaci\u00f3n es m\u00e1xima, lo que unido a las propiedades del cobre hace que tenga cierto efecto protector sobre los cultivos.<\/p>\n<p>&nbsp;<\/p>\n","protected":false},"featured_media":652,"comment_status":"closed","ping_status":"closed","template":"","meta":[],"product_brand":[],"product_cat":[22],"product_tag":[],"class_list":{"0":"post-657","1":"product","2":"type-product","3":"status-publish","4":"has-post-thumbnail","6":"product_cat-agricultura","7":"post","9":"first","10":"instock","11":"shipping-taxable","12":"product-type-simple"},"_links":{"self":[{"href":"https:\/\/agrosoilbolivia.com\/index.php?rest_route=\/wp\/v2\/product\/657","targetHints":{"allow":["GET"]}}],"collection":[{"href":"https:\/\/agrosoilbolivia.com\/index.php?rest_route=\/wp\/v2\/product"}],"about":[{"href":"https:\/\/agrosoilbolivia.com\/index.php?rest_route=\/wp\/v2\/types\/product"}],"replies":[{"embeddable":true,"href":"https:\/\/agrosoilbolivia.com\/index.php?rest_route=%2Fwp%2Fv2%2Fcomments&post=657"}],"wp:featuredmedia":[{"embeddable":true,"href":"https:\/\/agrosoilbolivia.com\/index.php?rest_route=\/wp\/v2\/media\/652"}],"wp:attachment":[{"href":"https:\/\/agrosoilbolivia.com\/index.php?rest_route=%2Fwp%2Fv2%2Fmedia&parent=657"}],"wp:term":[{"taxonomy":"product_brand","embeddable":true,"href":"https:\/\/agrosoilbolivia.com\/index.php?rest_route=%2Fwp%2Fv2%2Fproduct_brand&post=657"},{"taxonomy":"product_cat","embeddable":true,"href":"https:\/\/agrosoilbolivia.com\/index.php?rest_route=%2Fwp%2Fv2%2Fproduct_cat&post=657"},{"taxonomy":"product_tag","embeddable":true,"href":"https:\/\/agrosoilbolivia.com\/index.php?rest_route=%2Fwp%2Fv2%2Fproduct_tag&post=657"}],"curies":[{"name":"wp","href":"https:\/\/api.w.org\/{rel}","templated":true}]}}