{"id":728,"date":"2024-10-29T21:23:59","date_gmt":"2024-10-29T21:23:59","guid":{"rendered":"https:\/\/agrosoilbolivia.com\/?post_type=product&#038;p=728"},"modified":"2024-10-29T21:23:59","modified_gmt":"2024-10-29T21:23:59","slug":"a-micsur-zn","status":"publish","type":"product","link":"https:\/\/agrosoilbolivia.com\/?product=a-micsur-zn","title":{"rendered":"A-Micsur Zn"},"content":{"rendered":"<p>P<img loading=\"lazy\" decoding=\"async\" class=\"alignnone size-medium wp-image-719\" src=\"https:\/\/agrosoilbolivia.com\/wp-content\/uploads\/2024\/10\/DSC0899-1.jpg\" alt=\"\" width=\"1\" height=\"1\" \/><span class=\"OYPEnA font-feature-liga-off font-feature-clig-off font-feature-calt-off text-decoration-none text-strikethrough-none\">reparado l\u00edquido a base de L-amino\u00e1cidos libres, p\u00e9ptidos y polip\u00e9ptidos procedentes de prote\u00ednas hidrolizadas, enriquecido con elementos mayores y microelementos que ejercen un marcado efecto nutricional, estimulante y anti estr\u00e9s en los cultivos.<\/span><\/p>\n","protected":false},"excerpt":{"rendered":"<p>Preparado l\u00edquido a base de L-amino\u00e1cidos libres, p\u00e9ptidos y polip\u00e9ptidos procedentes de prote\u00ednas hidrolizadas, enriquecido con elementos mayores y microelementos que ejercen un marcado efecto nutricional, estimulante y anti estr\u00e9s en los cultivos.<\/p>\n","protected":false},"featured_media":719,"comment_status":"closed","ping_status":"closed","template":"","meta":[],"product_brand":[],"product_cat":[22],"product_tag":[],"class_list":{"0":"post-728","1":"product","2":"type-product","3":"status-publish","4":"has-post-thumbnail","6":"product_cat-agricultura","7":"post","9":"first","10":"instock","11":"shipping-taxable","12":"product-type-simple"},"_links":{"self":[{"href":"https:\/\/agrosoilbolivia.com\/index.php?rest_route=\/wp\/v2\/product\/728","targetHints":{"allow":["GET"]}}],"collection":[{"href":"https:\/\/agrosoilbolivia.com\/index.php?rest_route=\/wp\/v2\/product"}],"about":[{"href":"https:\/\/agrosoilbolivia.com\/index.php?rest_route=\/wp\/v2\/types\/product"}],"replies":[{"embeddable":true,"href":"https:\/\/agrosoilbolivia.com\/index.php?rest_route=%2Fwp%2Fv2%2Fcomments&post=728"}],"wp:featuredmedia":[{"embeddable":true,"href":"https:\/\/agrosoilbolivia.com\/index.php?rest_route=\/wp\/v2\/media\/719"}],"wp:attachment":[{"href":"https:\/\/agrosoilbolivia.com\/index.php?rest_route=%2Fwp%2Fv2%2Fmedia&parent=728"}],"wp:term":[{"taxonomy":"product_brand","embeddable":true,"href":"https:\/\/agrosoilbolivia.com\/index.php?rest_route=%2Fwp%2Fv2%2Fproduct_brand&post=728"},{"taxonomy":"product_cat","embeddable":true,"href":"https:\/\/agrosoilbolivia.com\/index.php?rest_route=%2Fwp%2Fv2%2Fproduct_cat&post=728"},{"taxonomy":"product_tag","embeddable":true,"href":"https:\/\/agrosoilbolivia.com\/index.php?rest_route=%2Fwp%2Fv2%2Fproduct_tag&post=728"}],"curies":[{"name":"wp","href":"https:\/\/api.w.org\/{rel}","templated":true}]}}