{"id":741,"date":"2024-10-30T13:01:24","date_gmt":"2024-10-30T13:01:24","guid":{"rendered":"https:\/\/agrosoilbolivia.com\/?post_type=product&#038;p=741"},"modified":"2024-10-30T13:01:24","modified_gmt":"2024-10-30T13:01:24","slug":"proan-k-rapid","status":"publish","type":"product","link":"https:\/\/agrosoilbolivia.com\/?product=proan-k-rapid","title":{"rendered":"Proan k Rapid"},"content":{"rendered":"<p><span class=\"OYPEnA font-feature-liga-off font-feature-clig-off font-feature-calt-off text-decoration-none text-strikethrough-none\">Abono NK con MgO Proan K R\u00e1pid<\/span><span class=\"OYPEnA font-feature-liga-off font-feature-clig-off font-feature-calt-off text-decoration-none text-strikethrough-none\"> es un nutriente con nitr\u00f3geno, magnesio y con elevada riqueza en potasio. Debido a su formulaci\u00f3n es absorbido r\u00e1pidamente tanto por las hojas como por las ra\u00edces. La presencia de un agente quelante, hace que el potasio est\u00e9 disponible en los \u00f3rganos vegetales que m\u00e1s lo necesitan, especialmente los frutos. Debido a su elevado contenido de potasio, aplicado en momentos espec\u00edficos (como fructificaci\u00f3n y maduraci\u00f3n), da lugar a importantes cambios.<\/span><\/p>\n","protected":false},"excerpt":{"rendered":"<p>Abono NK con MgO Proan K R\u00e1pid es un nutriente con nitr\u00f3geno, magnesio y con elevada riqueza en potasio. Debido a su formulaci\u00f3n es absorbido r\u00e1pidamente tanto por las hojas como por las ra\u00edces. La presencia de un agente quelante, hace que el potasio est\u00e9 disponible en los \u00f3rganos vegetales que m\u00e1s lo necesitan, especialmente [&hellip;]<\/p>\n","protected":false},"featured_media":716,"comment_status":"closed","ping_status":"closed","template":"","meta":[],"product_brand":[],"product_cat":[22],"product_tag":[],"class_list":{"0":"post-741","1":"product","2":"type-product","3":"status-publish","4":"has-post-thumbnail","6":"product_cat-agricultura","7":"post","9":"first","10":"instock","11":"shipping-taxable","12":"product-type-simple"},"_links":{"self":[{"href":"https:\/\/agrosoilbolivia.com\/index.php?rest_route=\/wp\/v2\/product\/741","targetHints":{"allow":["GET"]}}],"collection":[{"href":"https:\/\/agrosoilbolivia.com\/index.php?rest_route=\/wp\/v2\/product"}],"about":[{"href":"https:\/\/agrosoilbolivia.com\/index.php?rest_route=\/wp\/v2\/types\/product"}],"replies":[{"embeddable":true,"href":"https:\/\/agrosoilbolivia.com\/index.php?rest_route=%2Fwp%2Fv2%2Fcomments&post=741"}],"wp:featuredmedia":[{"embeddable":true,"href":"https:\/\/agrosoilbolivia.com\/index.php?rest_route=\/wp\/v2\/media\/716"}],"wp:attachment":[{"href":"https:\/\/agrosoilbolivia.com\/index.php?rest_route=%2Fwp%2Fv2%2Fmedia&parent=741"}],"wp:term":[{"taxonomy":"product_brand","embeddable":true,"href":"https:\/\/agrosoilbolivia.com\/index.php?rest_route=%2Fwp%2Fv2%2Fproduct_brand&post=741"},{"taxonomy":"product_cat","embeddable":true,"href":"https:\/\/agrosoilbolivia.com\/index.php?rest_route=%2Fwp%2Fv2%2Fproduct_cat&post=741"},{"taxonomy":"product_tag","embeddable":true,"href":"https:\/\/agrosoilbolivia.com\/index.php?rest_route=%2Fwp%2Fv2%2Fproduct_tag&post=741"}],"curies":[{"name":"wp","href":"https:\/\/api.w.org\/{rel}","templated":true}]}}